{"id":20978,"date":"2020-12-31T05:12:11","date_gmt":"2020-12-31T05:12:11","guid":{"rendered":"https:\/\/ex-tra.euvertalingen\/"},"modified":"2021-03-25T12:10:39","modified_gmt":"2021-03-25T12:10:39","slug":"vertalingen","status":"publish","type":"page","link":"https:\/\/ex-tra.eu\/fr\/vertalingen\/","title":{"rendered":"TRADUCTIONS"},"content":{"rendered":"<div class=\"wpb-content-wrapper\"><p>[vc_row gap=\u00a0\u00bb30&Prime; content_placement=\u00a0\u00bbmiddle\u00a0\u00bb css=\u00a0\u00bb.vc_custom_1514979444160{margin-top: 50px !important;}\u00a0\u00bb][vc_column][vc_column_text]\u00c0 ce moment, nous ne pouvons que faire traduire officiellement et v\u00e9rifier vos documents de transport du fran\u00e7ais vers l&rsquo;espagnol.[\/vc_column_text][vc_single_image image=\u00a0\u00bb13616&Prime; img_size=\u00a0\u00bbfull\u00a0\u00bb][vc_empty_space height=\u00a0\u00bb15px\u00a0\u00bb][\/vc_column][\/vc_row][vc_row][vc_column]<a target=\"_self\" href=\"https:\/\/ex-tra.eu\/fr\/contact\/\" class=\"btn btn-sm style-1\" id=\"custom-id-0\" style=\"\">CONTACT<\/a>[vc_empty_space height=\u00a0\u00bb35px\u00a0\u00bb][\/vc_column][\/vc_row]<\/p>\n<\/div>","protected":false},"excerpt":{"rendered":"<p>[vc_row gap=\u00a0\u00bb30&Prime; content_placement=\u00a0\u00bbmiddle\u00a0\u00bb css=\u00a0\u00bb.vc_custom_1514979444160{margin-top: 50px !important;}\u00a0\u00bb][vc_column][vc_column_text]\u00c0 ce moment, nous ne pouvons que faire traduire officiellement et v\u00e9rifier vos documents de transport du fran\u00e7ais vers l&rsquo;espagnol.[\/vc_column_text][vc_single_image image=\u00a0\u00bb13616&Prime; img_size=\u00a0\u00bbfull\u00a0\u00bb][vc_empty_space height=\u00a0\u00bb15px\u00a0\u00bb][\/vc_column][\/vc_row][vc_row][vc_column][vc_empty_space height=\u00a0\u00bb35px\u00a0\u00bb][\/vc_column][\/vc_row]<\/p>\n","protected":false},"author":1,"featured_media":0,"parent":0,"menu_order":0,"comment_status":"closed","ping_status":"closed","template":"","meta":{"_acf_changed":false,"_monsterinsights_skip_tracking":false,"_monsterinsights_sitenote_active":false,"_monsterinsights_sitenote_note":"","_monsterinsights_sitenote_category":0,"footnotes":""},"class_list":["post-20978","page","type-page","status-publish","hentry"],"acf":[],"aioseo_notices":[],"_links":{"self":[{"href":"https:\/\/ex-tra.eu\/fr\/wp-json\/wp\/v2\/pages\/20978","targetHints":{"allow":["GET"]}}],"collection":[{"href":"https:\/\/ex-tra.eu\/fr\/wp-json\/wp\/v2\/pages"}],"about":[{"href":"https:\/\/ex-tra.eu\/fr\/wp-json\/wp\/v2\/types\/page"}],"author":[{"embeddable":true,"href":"https:\/\/ex-tra.eu\/fr\/wp-json\/wp\/v2\/users\/1"}],"replies":[{"embeddable":true,"href":"https:\/\/ex-tra.eu\/fr\/wp-json\/wp\/v2\/comments?post=20978"}],"version-history":[{"count":12,"href":"https:\/\/ex-tra.eu\/fr\/wp-json\/wp\/v2\/pages\/20978\/revisions"}],"predecessor-version":[{"id":22999,"href":"https:\/\/ex-tra.eu\/fr\/wp-json\/wp\/v2\/pages\/20978\/revisions\/22999"}],"wp:attachment":[{"href":"https:\/\/ex-tra.eu\/fr\/wp-json\/wp\/v2\/media?parent=20978"}],"curies":[{"name":"wp","href":"https:\/\/api.w.org\/{rel}","templated":true}]}}