{"id":20930,"date":"2020-12-31T05:10:36","date_gmt":"2020-12-31T05:10:36","guid":{"rendered":"https:\/\/ex-tra.euverkoop\/"},"modified":"2024-06-24T17:02:27","modified_gmt":"2024-06-24T17:02:27","slug":"verkoop","status":"publish","type":"page","link":"https:\/\/ex-tra.eu\/fr\/verkoop\/","title":{"rendered":"VENTE"},"content":{"rendered":"<div class=\"wpb-content-wrapper\"><p>[vc_row gap=\u00a0\u00bb30&Prime; content_placement=\u00a0\u00bbmiddle\u00a0\u00bb css=\u00a0\u00bb.vc_custom_1514979444160{margin-top: 50px !important;}\u00a0\u00bb][vc_column][vc_column_text]<\/p>\n<p style=\"text-align: left;\">EX-TRA est un des vendeurs les plus importants de v\u00e9hicules d\u2019occasions du convoi exceptionnel en Europe.<\/p>\n<p>Ce est l\u00e0 que vous trouverez la meilleure collection de plateaux extensibles, porte-engins, extra-surbaiss\u00e9es, syst\u00e8mes modulaires et tracteurs exceptionnels.[\/vc_column_text][vc_empty_space height=\u00a0\u00bb15px\u00a0\u00bb][\/vc_column][\/vc_row][vc_row css=\u00a0\u00bb.vc_custom_1609399537459{margin-top: 20px !important;}\u00a0\u00bb][vc_column width=\u00a0\u00bb1\/3&Prime; css=\u00a0\u00bb.vc_custom_1609400304079{padding-bottom: px !important;}\u00a0\u00bb][vc_single_image image=\u00a0\u00bb13544&Prime; img_size=\u00a0\u00bbfull\u00a0\u00bb onclick=\u00a0\u00bbcustom_link\u00a0\u00bb css=\u00a0\u00bb\u00a0\u00bb link=\u00a0\u00bbhttps:\/\/ex-tra.eu\/fr\/verkoop-van-vlakke-opleggers\/\u00a0\u00bb][\/vc_column][vc_column width=\u00a0\u00bb1\/3&Prime; css=\u00a0\u00bb.vc_custom_1609400198597{padding-bottom: 0px !important;}\u00a0\u00bb][vc_single_image image=\u00a0\u00bb13540&Prime; img_size=\u00a0\u00bbfull\u00a0\u00bb onclick=\u00a0\u00bbcustom_link\u00a0\u00bb css=\u00a0\u00bb\u00a0\u00bb link=\u00a0\u00bbhttps:\/\/ex-tra.eu\/fr\/verkoop-van-wing-carriers\u00a0\u00bb][\/vc_column][vc_column width=\u00a0\u00bb1\/3&Prime; css=\u00a0\u00bb.vc_custom_1609400321366{padding-bottom: 0px !important;}\u00a0\u00bb][vc_single_image image=\u00a0\u00bb13536&Prime; img_size=\u00a0\u00bbfull\u00a0\u00bb onclick=\u00a0\u00bbcustom_link\u00a0\u00bb css=\u00a0\u00bb\u00a0\u00bb link=\u00a0\u00bbhttps:\/\/ex-tra.eu\/fr\/verkoop-van-semi-diepladers\u00a0\u00bb][\/vc_column][\/vc_row][vc_row css=\u00a0\u00bb.vc_custom_1609399545424{margin-top: 0px !important;}\u00a0\u00bb][vc_column width=\u00a0\u00bb1\/3&Prime; css=\u00a0\u00bb.vc_custom_1514966314470{padding-bottom: 40px !important;}\u00a0\u00bb][vc_single_image image=\u00a0\u00bb13532&Prime; img_size=\u00a0\u00bbfull\u00a0\u00bb onclick=\u00a0\u00bbcustom_link\u00a0\u00bb css=\u00a0\u00bb\u00a0\u00bb link=\u00a0\u00bbhttps:\/\/ex-tra.eu\/fr\/verkoop-van-diepladers\u00a0\u00bb][\/vc_column][vc_column width=\u00a0\u00bb1\/3&Prime; css=\u00a0\u00bb.vc_custom_1514966321007{padding-bottom: 40px !important;}\u00a0\u00bb][vc_single_image image=\u00a0\u00bb27096&Prime; img_size=\u00a0\u00bbfull\u00a0\u00bb onclick=\u00a0\u00bbcustom_link\u00a0\u00bb css=\u00a0\u00bb\u00a0\u00bb link=\u00a0\u00bbhttps:\/\/ex-tra.eu\/fr\/verkoop-van-overig\u00a0\u00bb][\/vc_column][vc_column width=\u00a0\u00bb1\/3&Prime; css=\u00a0\u00bb.vc_custom_1514966325398{padding-bottom: 40px !important;}\u00a0\u00bb][vc_single_image image=\u00a0\u00bb13548&Prime; img_size=\u00a0\u00bbfull\u00a0\u00bb onclick=\u00a0\u00bbcustom_link\u00a0\u00bb css=\u00a0\u00bb\u00a0\u00bb link=\u00a0\u00bbhttps:\/\/ex-tra.eu\/fr\/verkoop-van-trucks\u00a0\u00bb][\/vc_column][\/vc_row][vc_row full_width=\u00a0\u00bbstretch_row_content_no_spaces\u00a0\u00bb css=\u00a0\u00bb.vc_custom_1514966364096{margin-top: 60px !important;}\u00a0\u00bb][vc_column][vc_separator][\/vc_column][\/vc_row]<\/p>\n<\/div>","protected":false},"excerpt":{"rendered":"<p>[vc_row gap=\u00a0\u00bb30&Prime; content_placement=\u00a0\u00bbmiddle\u00a0\u00bb css=\u00a0\u00bb.vc_custom_1514979444160{margin-top: 50px !important;}\u00a0\u00bb][vc_column][vc_column_text] EX-TRA est un des vendeurs les plus importants de v\u00e9hicules d\u2019occasions du convoi exceptionnel en Europe. Ce est l\u00e0 que vous trouverez la meilleure collection de plateaux extensibles, porte-engins, extra-surbaiss\u00e9es, syst\u00e8mes modulaires et tracteurs&#8230;<\/p>\n","protected":false},"author":1,"featured_media":0,"parent":0,"menu_order":0,"comment_status":"closed","ping_status":"closed","template":"","meta":{"_acf_changed":false,"_monsterinsights_skip_tracking":false,"_monsterinsights_sitenote_active":false,"_monsterinsights_sitenote_note":"","_monsterinsights_sitenote_category":0,"footnotes":""},"class_list":["post-20930","page","type-page","status-publish","hentry"],"acf":[],"aioseo_notices":[],"_links":{"self":[{"href":"https:\/\/ex-tra.eu\/fr\/wp-json\/wp\/v2\/pages\/20930","targetHints":{"allow":["GET"]}}],"collection":[{"href":"https:\/\/ex-tra.eu\/fr\/wp-json\/wp\/v2\/pages"}],"about":[{"href":"https:\/\/ex-tra.eu\/fr\/wp-json\/wp\/v2\/types\/page"}],"author":[{"embeddable":true,"href":"https:\/\/ex-tra.eu\/fr\/wp-json\/wp\/v2\/users\/1"}],"replies":[{"embeddable":true,"href":"https:\/\/ex-tra.eu\/fr\/wp-json\/wp\/v2\/comments?post=20930"}],"version-history":[{"count":8,"href":"https:\/\/ex-tra.eu\/fr\/wp-json\/wp\/v2\/pages\/20930\/revisions"}],"predecessor-version":[{"id":27140,"href":"https:\/\/ex-tra.eu\/fr\/wp-json\/wp\/v2\/pages\/20930\/revisions\/27140"}],"wp:attachment":[{"href":"https:\/\/ex-tra.eu\/fr\/wp-json\/wp\/v2\/media?parent=20930"}],"curies":[{"name":"wp","href":"https:\/\/api.w.org\/{rel}","templated":true}]}}