{"id":20914,"date":"2020-12-31T05:10:20","date_gmt":"2020-12-31T05:10:20","guid":{"rendered":"https:\/\/ex-tra.euverhuur\/"},"modified":"2024-06-24T15:32:19","modified_gmt":"2024-06-24T15:32:19","slug":"verhuur","status":"publish","type":"page","link":"https:\/\/ex-tra.eu\/fr\/verhuur\/","title":{"rendered":"LOCATION"},"content":{"rendered":"<div class=\"wpb-content-wrapper\"><p>[vc_row gap=\u00a0\u00bb30&Prime; content_placement=\u00a0\u00bbmiddle\u00a0\u00bb css=\u00a0\u00bb.vc_custom_1514979444160{margin-top: 50px !important;}\u00a0\u00bb][vc_column][vc_column_text]EX-TRA.RENTAL dispose d\u2019un large choix de \u2018semi-remorques sp\u00e9ciales\u2019 de location en Hollande, Angleterre, Espagne et la France.<br \/>\nLes remorques de la gamme sont lou\u00e9es sous des conditions de dur\u00e9e souples et \u00e0 des tarifs comp\u00e9titifs.<\/p>\n<p>Les remorques sont disponibles \u00e0 la location \u00e0 court ou \u00e0 long terme et \u00e0 la location \u00e0 option d\u2019achat avec les termes et conditions avantageuses.<\/p>\n<p>Dans le but de limiter vos kilom\u00e9tres pour retirer les remorques sur les parcs de location , la flotte est r\u00e9partie en plusieurs endroits. La distance qui vous s\u00e9pare de la remorque est indiqu\u00e9e , ainsi vous pouvez choisir la solution optimum pour vous.<\/p>\n<p>[\/vc_column_text][vc_empty_space height=\u00a0\u00bb15px\u00a0\u00bb][\/vc_column][\/vc_row][vc_row css=\u00a0\u00bb.vc_custom_1614936792041{margin-top: 20px !important;}\u00a0\u00bb el_class=\u00a0\u00bbverhuur_sec\u00a0\u00bb][vc_column width=\u00a0\u00bb1\/3&Prime; css=\u00a0\u00bb.vc_custom_1609400304079{padding-bottom: px !important;}\u00a0\u00bb][vc_single_image image=\u00a0\u00bb13544&Prime; img_size=\u00a0\u00bbfull\u00a0\u00bb onclick=\u00a0\u00bbcustom_link\u00a0\u00bb css=\u00a0\u00bb\u00a0\u00bb link=\u00a0\u00bbhttps:\/\/ex-tra.eu\/fr\/verhuur-van-vlakke-opleggers\/\u00a0\u00bb][vc_custom_heading text=\u00a0\u00bbPLATEAUX\u00a0\u00bb font_container=\u00a0\u00bbtag:h3|text_align:left\u00a0\u00bb][\/vc_column][vc_column width=\u00a0\u00bb1\/3&Prime; css=\u00a0\u00bb.vc_custom_1609400198597{padding-bottom: 0px !important;}\u00a0\u00bb][vc_single_image image=\u00a0\u00bb13540&Prime; img_size=\u00a0\u00bbfull\u00a0\u00bb onclick=\u00a0\u00bbcustom_link\u00a0\u00bb link=\u00a0\u00bbhttps:\/\/ex-tra.eu\/fr\/verhuur-van-wing-carriers\/\u00a0\u00bb][vc_custom_heading text=\u00a0\u00bbPLATEAUX SURBAISS\u00c9ES\u00a0\u00bb font_container=\u00a0\u00bbtag:h3|text_align:left\u00a0\u00bb][\/vc_column][vc_column width=\u00a0\u00bb1\/3&Prime; css=\u00a0\u00bb.vc_custom_1609400321366{padding-bottom: 0px !important;}\u00a0\u00bb][vc_single_image image=\u00a0\u00bb13536&Prime; img_size=\u00a0\u00bbfull\u00a0\u00bb onclick=\u00a0\u00bbcustom_link\u00a0\u00bb link=\u00a0\u00bbhttps:\/\/ex-tra.eu\/fr\/verhuur-van-semi-diepladers\/\u00a0\u00bb][vc_custom_heading text=\u00a0\u00bbPORTE-ENGINS\u00a0\u00bb font_container=\u00a0\u00bbtag:h3|text_align:left\u00a0\u00bb][\/vc_column][\/vc_row][vc_row css=\u00a0\u00bb.vc_custom_1614937134036{margin-top: 0px !important;}\u00a0\u00bb el_class=\u00a0\u00bbverhuur_sec\u00a0\u00bb][vc_column width=\u00a0\u00bb1\/3&Prime; css=\u00a0\u00bb.vc_custom_1514966314470{padding-bottom: 40px !important;}\u00a0\u00bb][vc_single_image image=\u00a0\u00bb13532&Prime; img_size=\u00a0\u00bbfull\u00a0\u00bb onclick=\u00a0\u00bbcustom_link\u00a0\u00bb link=\u00a0\u00bbhttps:\/\/ex-tra.eu\/fr\/verhuur-van-diepladers\/\u00a0\u00bb][vc_custom_heading text=\u00a0\u00bbEXTRA-SURBAISS\u00c9ES\u00a0\u00bb font_container=\u00a0\u00bbtag:h3|text_align:left\u00a0\u00bb][\/vc_column][vc_column width=\u00a0\u00bb1\/3&Prime; css=\u00a0\u00bb.vc_custom_1514966321007{padding-bottom: 40px !important;}\u00a0\u00bb][vc_single_image image=\u00a0\u00bb13528&Prime; img_size=\u00a0\u00bbfull\u00a0\u00bb onclick=\u00a0\u00bbcustom_link\u00a0\u00bb link=\u00a0\u00bbhttps:\/\/ex-tra.eu\/fr\/verhuur-van-overig\/\u00a0\u00bb][vc_custom_heading text=\u00a0\u00bbAUTRE\u00a0\u00bb font_container=\u00a0\u00bbtag:h3|text_align:left\u00a0\u00bb][\/vc_column][vc_column width=\u00a0\u00bb1\/3&Prime; css=\u00a0\u00bb.vc_custom_1514966325398{padding-bottom: 40px !important;}\u00a0\u00bb][vc_single_image image=\u00a0\u00bb13524&Prime; img_size=\u00a0\u00bbfull\u00a0\u00bb onclick=\u00a0\u00bbcustom_link\u00a0\u00bb link=\u00a0\u00bbhttps:\/\/ex-tra.eu\/fr\/overzicht-van-verhuurvloot\/\u00a0\u00bb][vc_custom_heading text=\u00a0\u00bbRESUM\u00c9 DE LA FLOTTE\u00a0\u00bb font_container=\u00a0\u00bbtag:h3|text_align:left\u00a0\u00bb][\/vc_column][\/vc_row][vc_row full_width=\u00a0\u00bbstretch_row_content_no_spaces\u00a0\u00bb css=\u00a0\u00bb.vc_custom_1514966364096{margin-top: 60px !important;}\u00a0\u00bb][vc_column][vc_separator][\/vc_column][\/vc_row]<\/p>\n<\/div>","protected":false},"excerpt":{"rendered":"<p>[vc_row gap=\u00a0\u00bb30&Prime; content_placement=\u00a0\u00bbmiddle\u00a0\u00bb css=\u00a0\u00bb.vc_custom_1514979444160{margin-top: 50px !important;}\u00a0\u00bb][vc_column][vc_column_text]EX-TRA.RENTAL dispose d\u2019un large choix de \u2018semi-remorques sp\u00e9ciales\u2019 de location en Hollande, Angleterre, Espagne et la France. Les remorques de la gamme sont lou\u00e9es sous des conditions de dur\u00e9e souples et \u00e0 des tarifs comp\u00e9titifs&#8230;.<\/p>\n","protected":false},"author":1,"featured_media":0,"parent":0,"menu_order":0,"comment_status":"closed","ping_status":"closed","template":"","meta":{"_acf_changed":false,"_monsterinsights_skip_tracking":false,"_monsterinsights_sitenote_active":false,"_monsterinsights_sitenote_note":"","_monsterinsights_sitenote_category":0,"footnotes":""},"class_list":["post-20914","page","type-page","status-publish","hentry"],"acf":[],"aioseo_notices":[],"_links":{"self":[{"href":"https:\/\/ex-tra.eu\/fr\/wp-json\/wp\/v2\/pages\/20914","targetHints":{"allow":["GET"]}}],"collection":[{"href":"https:\/\/ex-tra.eu\/fr\/wp-json\/wp\/v2\/pages"}],"about":[{"href":"https:\/\/ex-tra.eu\/fr\/wp-json\/wp\/v2\/types\/page"}],"author":[{"embeddable":true,"href":"https:\/\/ex-tra.eu\/fr\/wp-json\/wp\/v2\/users\/1"}],"replies":[{"embeddable":true,"href":"https:\/\/ex-tra.eu\/fr\/wp-json\/wp\/v2\/comments?post=20914"}],"version-history":[{"count":13,"href":"https:\/\/ex-tra.eu\/fr\/wp-json\/wp\/v2\/pages\/20914\/revisions"}],"predecessor-version":[{"id":27138,"href":"https:\/\/ex-tra.eu\/fr\/wp-json\/wp\/v2\/pages\/20914\/revisions\/27138"}],"wp:attachment":[{"href":"https:\/\/ex-tra.eu\/fr\/wp-json\/wp\/v2\/media?parent=20914"}],"curies":[{"name":"wp","href":"https:\/\/api.w.org\/{rel}","templated":true}]}}