{"id":20890,"date":"2020-12-31T05:11:11","date_gmt":"2020-12-31T05:11:11","guid":{"rendered":"https:\/\/ex-tra.eutrekkers\/"},"modified":"2024-06-24T17:09:42","modified_gmt":"2024-06-24T17:09:42","slug":"trekkers","status":"publish","type":"page","link":"https:\/\/ex-tra.eu\/fr\/trekkers\/","title":{"rendered":"TRACTEURS"},"content":{"rendered":"<div class=\"wpb-content-wrapper\"><p>[vc_row gap=\u00a0\u00bb30&Prime; content_placement=\u00a0\u00bbmiddle\u00a0\u00bb css=\u00a0\u00bb.vc_custom_1514979444160{margin-top: 50px !important;}\u00a0\u00bb][vc_column][vc_column_text]<\/p>\n<p style=\"text-align: left;\">EX-TRA peut organiser une modification de la cabine, le montage d\u2019une grue, une modification de ch\u00e2ssis ou, par exemple, un produit sur mesure comme une bo\u00eete \u00e0 outils sp\u00e9ciale.<\/p>\n<p>Outre les conseils donn\u00e9s dans la phase de vente, EX-TRA surveillera l\u2019ensemble modification.<br \/>\nNaturellement, vous serez inform\u00e9 de l\u2019avancement de la modification.[\/vc_column_text][vc_empty_space height=\u00a0\u00bb15px\u00a0\u00bb][\/vc_column][\/vc_row][vc_row css=\u00a0\u00bb.vc_custom_1609399537459{margin-top: 20px !important;}\u00a0\u00bb][vc_column width=\u00a0\u00bb1\/3&Prime; css=\u00a0\u00bb.vc_custom_1609400304079{padding-bottom: px !important;}\u00a0\u00bb][vc_single_image image=\u00a0\u00bb13588&Prime; img_size=\u00a0\u00bbfull\u00a0\u00bb onclick=\u00a0\u00bbcustom_link\u00a0\u00bb css=\u00a0\u00bb\u00a0\u00bb link=\u00a0\u00bbhttps:\/\/ex-tra.eu\/fr\/volvo-fh16-8&#215;4&Prime;][\/vc_column][vc_column width=\u00a0\u00bb1\/3&Prime; css=\u00a0\u00bb.vc_custom_1609400198597{padding-bottom: 0px !important;}\u00a0\u00bb][vc_single_image image=\u00a0\u00bb13592&Prime; img_size=\u00a0\u00bbfull\u00a0\u00bb onclick=\u00a0\u00bbcustom_link\u00a0\u00bb css=\u00a0\u00bb\u00a0\u00bb link=\u00a0\u00bbhttps:\/\/ex-tra.eu\/fr\/man-miller-century\u00a0\u00bb][\/vc_column][vc_column width=\u00a0\u00bb1\/3&Prime; css=\u00a0\u00bb.vc_custom_1609400321366{padding-bottom: 0px !important;}\u00a0\u00bb][vc_single_image image=\u00a0\u00bb13596&Prime; img_size=\u00a0\u00bbfull\u00a0\u00bb onclick=\u00a0\u00bbcustom_link\u00a0\u00bb css=\u00a0\u00bb\u00a0\u00bb link=\u00a0\u00bbhttps:\/\/ex-tra.eu\/fr\/volvo-terberg\u00a0\u00bb][\/vc_column][\/vc_row][vc_row css=\u00a0\u00bb.vc_custom_1609399545424{margin-top: 0px !important;}\u00a0\u00bb][vc_column width=\u00a0\u00bb1\/3&Prime; css=\u00a0\u00bb.vc_custom_1514966314470{padding-bottom: 40px !important;}\u00a0\u00bb][vc_single_image image=\u00a0\u00bb13600&Prime; img_size=\u00a0\u00bbfull\u00a0\u00bb onclick=\u00a0\u00bbcustom_link\u00a0\u00bb css=\u00a0\u00bb\u00a0\u00bb link=\u00a0\u00bbhttps:\/\/ex-tra.eu\/fr\/man-41-660-tg-a\u00a0\u00bb][\/vc_column][vc_column width=\u00a0\u00bb1\/3&Prime; css=\u00a0\u00bb.vc_custom_1514966321007{padding-bottom: 40px !important;}\u00a0\u00bb][vc_single_image image=\u00a0\u00bb13604&Prime; img_size=\u00a0\u00bbfull\u00a0\u00bb onclick=\u00a0\u00bbcustom_link\u00a0\u00bb css=\u00a0\u00bb\u00a0\u00bb link=\u00a0\u00bbhttps:\/\/ex-tra.eu\/fr\/man-palfinger-72002-jige-eurotow-45c\u00a0\u00bb][\/vc_column][vc_column width=\u00a0\u00bb1\/3&Prime; css=\u00a0\u00bb.vc_custom_1514966325398{padding-bottom: 40px !important;}\u00a0\u00bb][\/vc_column][\/vc_row][vc_row full_width=\u00a0\u00bbstretch_row_content_no_spaces\u00a0\u00bb css=\u00a0\u00bb.vc_custom_1514966364096{margin-top: 60px !important;}\u00a0\u00bb][vc_column][vc_separator][\/vc_column][\/vc_row]<\/p>\n<\/div>","protected":false},"excerpt":{"rendered":"<p>[vc_row gap=\u00a0\u00bb30&Prime; content_placement=\u00a0\u00bbmiddle\u00a0\u00bb css=\u00a0\u00bb.vc_custom_1514979444160{margin-top: 50px !important;}\u00a0\u00bb][vc_column][vc_column_text] EX-TRA peut organiser une modification de la cabine, le montage d\u2019une grue, une modification de ch\u00e2ssis ou, par exemple, un produit sur mesure comme une bo\u00eete \u00e0 outils sp\u00e9ciale. Outre les conseils donn\u00e9s dans&#8230;<\/p>\n","protected":false},"author":1,"featured_media":0,"parent":0,"menu_order":0,"comment_status":"closed","ping_status":"closed","template":"","meta":{"_acf_changed":false,"_monsterinsights_skip_tracking":false,"_monsterinsights_sitenote_active":false,"_monsterinsights_sitenote_note":"","_monsterinsights_sitenote_category":0,"footnotes":""},"class_list":["post-20890","page","type-page","status-publish","hentry"],"acf":[],"aioseo_notices":[],"_links":{"self":[{"href":"https:\/\/ex-tra.eu\/fr\/wp-json\/wp\/v2\/pages\/20890","targetHints":{"allow":["GET"]}}],"collection":[{"href":"https:\/\/ex-tra.eu\/fr\/wp-json\/wp\/v2\/pages"}],"about":[{"href":"https:\/\/ex-tra.eu\/fr\/wp-json\/wp\/v2\/types\/page"}],"author":[{"embeddable":true,"href":"https:\/\/ex-tra.eu\/fr\/wp-json\/wp\/v2\/users\/1"}],"replies":[{"embeddable":true,"href":"https:\/\/ex-tra.eu\/fr\/wp-json\/wp\/v2\/comments?post=20890"}],"version-history":[{"count":5,"href":"https:\/\/ex-tra.eu\/fr\/wp-json\/wp\/v2\/pages\/20890\/revisions"}],"predecessor-version":[{"id":27144,"href":"https:\/\/ex-tra.eu\/fr\/wp-json\/wp\/v2\/pages\/20890\/revisions\/27144"}],"wp:attachment":[{"href":"https:\/\/ex-tra.eu\/fr\/wp-json\/wp\/v2\/media?parent=20890"}],"curies":[{"name":"wp","href":"https:\/\/api.w.org\/{rel}","templated":true}]}}