{"id":20870,"date":"2020-12-31T05:10:52","date_gmt":"2020-12-31T05:10:52","guid":{"rendered":"https:\/\/ex-tra.eutrailers\/"},"modified":"2024-06-24T17:05:50","modified_gmt":"2024-06-24T17:05:50","slug":"trailers","status":"publish","type":"page","link":"https:\/\/ex-tra.eu\/fr\/trailers\/","title":{"rendered":"REMORQUES"},"content":{"rendered":"<div class=\"wpb-content-wrapper\"><p>[vc_row gap=\u00a0\u00bb30&Prime; content_placement=\u00a0\u00bbmiddle\u00a0\u00bb css=\u00a0\u00bb.vc_custom_1514979444160{margin-top: 50px !important;}\u00a0\u00bb][vc_column][vc_column_text]<\/p>\n<p style=\"text-align: left;\">EX-TRA a des fentes de production avec les principaux fabricants de v\u00e9hicules de transport sp\u00e9ciaux.<br \/>\nDe porte-conteneurs (divisibles) aux semi-remorques triple extensibles.<br \/>\nSi la gamme de remorques standards ne convient pas \u00e0 votre exigence, EX-TRA peut vous offrir des remorques fabriqu\u00e9es selon vos sp\u00e9cifications exactes.<\/p>\n<p>EX-TRA vous offre \u00e9galement des remorques Goldhofer pour le secteur du transport lourd; des extra-surbaiss\u00e9es avec des essieux pendulaires et \u2018fosse pour le bras de grue\u2019 ainsi que des syst\u00e8mes modulaires: Vous \u00eates \u00e0 la bonne adresse avec EX-TRA!<\/p>\n<p style=\"text-align: left;\">Vos avantages:<\/p>\n<ul>\n<li style=\"text-align: left;\">D\u00e9lais de livraison courts pour v\u00e9hicules standard<\/li>\n<li style=\"text-align: left;\">Sp\u00e9cifications enti\u00e8rement sur mesure<\/li>\n<li style=\"text-align: left;\">Des solutions de transport avec une capacit\u00e9 de charge jusqu\u2019\u00e0 10.000T<\/li>\n<\/ul>\n<p>[\/vc_column_text][vc_empty_space height=\u00a0\u00bb15px\u00a0\u00bb][\/vc_column][\/vc_row][vc_row css=\u00a0\u00bb.vc_custom_1609399537459{margin-top: 20px !important;}\u00a0\u00bb][vc_column width=\u00a0\u00bb1\/3&Prime; css=\u00a0\u00bb.vc_custom_1609400304079{padding-bottom: px !important;}\u00a0\u00bb][vc_single_image image=\u00a0\u00bb20368&Prime; img_size=\u00a0\u00bbfull\u00a0\u00bb onclick=\u00a0\u00bbcustom_link\u00a0\u00bb css=\u00a0\u00bb\u00a0\u00bb link=\u00a0\u00bbhttps:\/\/ex-tra.eu\/fr\/ex-centric-2&Prime;][\/vc_column][vc_column width=\u00a0\u00bb1\/3&Prime; css=\u00a0\u00bb.vc_custom_1609400198597{padding-bottom: 0px !important;}\u00a0\u00bb][vc_single_image image=\u00a0\u00bb20348&Prime; img_size=\u00a0\u00bbfull\u00a0\u00bb onclick=\u00a0\u00bbcustom_link\u00a0\u00bb css=\u00a0\u00bb\u00a0\u00bb link=\u00a0\u00bbhttps:\/\/ex-tra.eu\/fr\/paitier\u00a0\u00bb][\/vc_column][vc_column width=\u00a0\u00bb1\/3&Prime; css=\u00a0\u00bb.vc_custom_1609400321366{padding-bottom: 0px !important;}\u00a0\u00bb][vc_single_image image=\u00a0\u00bb20364&Prime; img_size=\u00a0\u00bbfull\u00a0\u00bb onclick=\u00a0\u00bbcustom_link\u00a0\u00bb css=\u00a0\u00bb\u00a0\u00bb link=\u00a0\u00bbhttps:\/\/ex-tra.eu\/fr\/ex-centric\u00a0\u00bb][\/vc_column][\/vc_row][vc_row css=\u00a0\u00bb.vc_custom_1609399537459{margin-top: 20px !important;}\u00a0\u00bb][vc_column width=\u00a0\u00bb1\/3&Prime; css=\u00a0\u00bb.vc_custom_1609400304079{padding-bottom: px !important;}\u00a0\u00bb][vc_single_image image=\u00a0\u00bb20360&Prime; img_size=\u00a0\u00bbfull\u00a0\u00bb onclick=\u00a0\u00bbcustom_link\u00a0\u00bb css=\u00a0\u00bb\u00a0\u00bb link=\u00a0\u00bbhttps:\/\/ex-tra.eu\/fr\/ex-centric-3&Prime;][\/vc_column][vc_column width=\u00a0\u00bb1\/3&Prime; css=\u00a0\u00bb.vc_custom_1609400321366{padding-bottom: 0px !important;}\u00a0\u00bb][vc_single_image image=\u00a0\u00bb26696&Prime; img_size=\u00a0\u00bbfull\u00a0\u00bb onclick=\u00a0\u00bbcustom_link\u00a0\u00bb css=\u00a0\u00bb\u00a0\u00bb link=\u00a0\u00bbhttps:\/\/ex-tra.eu\/fr\/ex-tract\u00a0\u00bb][\/vc_column][vc_column width=\u00a0\u00bb1\/3&Prime; css=\u00a0\u00bb.vc_custom_1609400321366{padding-bottom: 0px !important;}\u00a0\u00bb][vc_single_image image=\u00a0\u00bb20372&Prime; img_size=\u00a0\u00bbfull\u00a0\u00bb onclick=\u00a0\u00bbcustom_link\u00a0\u00bb css=\u00a0\u00bb\u00a0\u00bb link=\u00a0\u00bbhttps:\/\/ex-tra.eu\/fr\/ex-train-2&Prime;][\/vc_column][\/vc_row]<\/p>\n<\/div>","protected":false},"excerpt":{"rendered":"<p>[vc_row gap=\u00a0\u00bb30&Prime; content_placement=\u00a0\u00bbmiddle\u00a0\u00bb css=\u00a0\u00bb.vc_custom_1514979444160{margin-top: 50px !important;}\u00a0\u00bb][vc_column][vc_column_text] EX-TRA a des fentes de production avec les principaux fabricants de v\u00e9hicules de transport sp\u00e9ciaux. De porte-conteneurs (divisibles) aux semi-remorques triple extensibles. Si la gamme de remorques standards ne convient pas \u00e0 votre exigence,&#8230;<\/p>\n","protected":false},"author":1,"featured_media":0,"parent":0,"menu_order":0,"comment_status":"closed","ping_status":"closed","template":"","meta":{"_acf_changed":false,"_monsterinsights_skip_tracking":false,"_monsterinsights_sitenote_active":false,"_monsterinsights_sitenote_note":"","_monsterinsights_sitenote_category":0,"footnotes":""},"class_list":["post-20870","page","type-page","status-publish","hentry"],"acf":[],"aioseo_notices":[],"_links":{"self":[{"href":"https:\/\/ex-tra.eu\/fr\/wp-json\/wp\/v2\/pages\/20870","targetHints":{"allow":["GET"]}}],"collection":[{"href":"https:\/\/ex-tra.eu\/fr\/wp-json\/wp\/v2\/pages"}],"about":[{"href":"https:\/\/ex-tra.eu\/fr\/wp-json\/wp\/v2\/types\/page"}],"author":[{"embeddable":true,"href":"https:\/\/ex-tra.eu\/fr\/wp-json\/wp\/v2\/users\/1"}],"replies":[{"embeddable":true,"href":"https:\/\/ex-tra.eu\/fr\/wp-json\/wp\/v2\/comments?post=20870"}],"version-history":[{"count":13,"href":"https:\/\/ex-tra.eu\/fr\/wp-json\/wp\/v2\/pages\/20870\/revisions"}],"predecessor-version":[{"id":27142,"href":"https:\/\/ex-tra.eu\/fr\/wp-json\/wp\/v2\/pages\/20870\/revisions\/27142"}],"wp:attachment":[{"href":"https:\/\/ex-tra.eu\/fr\/wp-json\/wp\/v2\/media?parent=20870"}],"curies":[{"name":"wp","href":"https:\/\/api.w.org\/{rel}","templated":true}]}}