{"id":20711,"date":"2020-12-31T05:11:49","date_gmt":"2020-12-31T05:11:49","guid":{"rendered":"https:\/\/ex-tra.eugezocht\/"},"modified":"2024-01-25T13:14:40","modified_gmt":"2024-01-25T13:14:40","slug":"gezocht","status":"publish","type":"page","link":"https:\/\/ex-tra.eu\/fr\/gezocht\/","title":{"rendered":"RECHERCH\u00c9"},"content":{"rendered":"<div class=\"wpb-content-wrapper\"><p>[vc_row gap=\u00a0\u00bb30&Prime; content_placement=\u00a0\u00bbmiddle\u00a0\u00bb css=\u00a0\u00bb.vc_custom_1514979444160{margin-top: 50px !important;}\u00a0\u00bb][vc_column width=\u00a0\u00bb2\/3&Prime;][vc_column_text]EX-TRA est \u00e0 la recherche pour certains v\u00e9hicules sp\u00e9cifiques, tel que repr\u00e9sent\u00e9 dans le diagrammes contraire. Vous trouverez plus de d\u00e9tails concernant les sp\u00e9cifications requises en s\u00e9lectionnant sur le v\u00e9hicule particulier.<\/p>\n<p>Si vous avez une remorque qui r\u00e9pond \u00e0 la sp\u00e9cification requise (ou tr\u00e8s proche) que vous souhaitez vendre, alors s&rsquo;il vous pla\u00eet remplir et retourner le formulaire de contact.[\/vc_column_text][vc_empty_space height=\u00a0\u00bb15px\u00a0\u00bb][\/vc_column][vc_column width=\u00a0\u00bb1\/3&Prime;][vc_single_image image=\u00a0\u00bb13608&Prime; img_size=\u00a0\u00bbfull\u00a0\u00bb][\/vc_column][\/vc_row][vc_row full_width=\u00a0\u00bbstretch_row_content_no_spaces\u00a0\u00bb css=\u00a0\u00bb.vc_custom_1514966364096{margin-top: 60px !important;}\u00a0\u00bb][vc_column][vc_separator][\/vc_column][\/vc_row][vc_row css=\u00a0\u00bb.vc_custom_1616056545148{margin-top: 60px !important;}\u00a0\u00bb el_class=\u00a0\u00bbmeer-info-button\u00a0\u00bb][vc_column css=\u00a0\u00bb.vc_custom_1514966314470{padding-bottom: 40px !important;}\u00a0\u00bb]<h5 class='heading-content  style-1' ><span>3 essieux, dir. hydraulique, simple extensible<\/span><\/h5>[vc_column_text]Broshuis\/Nooteboom[\/vc_column_text][vc_empty_space height=\u00a0\u00bb10px\u00a0\u00bb]<a target=\"_self\" href=\"3-axles-steering-single-extension-platform\" class=\"btn btn-sm style-4\" id=\"custom-id-0\" style=\"\">Plus d&rsquo;information<\/a>[vc_single_image image=\u00a0\u00bb13612&Prime; img_size=\u00a0\u00bbfull\u00a0\u00bb][vc_empty_space height=\u00a0\u00bb10px\u00a0\u00bb][\/vc_column][\/vc_row][vc_row css=\u00a0\u00bb.vc_custom_1616056560250{margin-top: 60px !important;}\u00a0\u00bb el_class=\u00a0\u00bbmeer-info-button\u00a0\u00bb][vc_column css=\u00a0\u00bb.vc_custom_1514966314470{padding-bottom: 40px !important;}\u00a0\u00bb]<h5 class='heading-content  style-1' ><span>double extensible, 3 essieux<\/span><\/h5>[vc_column_text]Broshuis\/Doll\/Faymonville\/Nooteboom[\/vc_column_text][vc_empty_space height=\u00a0\u00bb10px\u00a0\u00bb]<a target=\"_self\" href=\"3-axle-double-extendible-platform-trailer\" class=\"btn btn-sm style-4\" id=\"custom-id-1\" style=\"\">Plus d&rsquo;information<\/a>[vc_single_image image=\u00a0\u00bb20140&Prime; img_size=\u00a0\u00bbfull\u00a0\u00bb][vc_empty_space height=\u00a0\u00bb10px\u00a0\u00bb][\/vc_column][\/vc_row][vc_row css=\u00a0\u00bb.vc_custom_1616056569993{margin-top: 60px !important;}\u00a0\u00bb el_class=\u00a0\u00bbmeer-info-button\u00a0\u00bb][vc_column css=\u00a0\u00bb.vc_custom_1514966314470{padding-bottom: 40px !important;}\u00a0\u00bb]<h5 class='heading-content  style-1' ><span>4 essieux, triple extensible (min 48m)<\/span><\/h5>[vc_column_text]Broshuis\/Doll\/Faymonville\/Nooteboom[\/vc_column_text][vc_empty_space height=\u00a0\u00bb10px\u00a0\u00bb]<a target=\"_self\" href=\"4-axle-triple-extendible-platform-trailer\" class=\"btn btn-sm style-4\" id=\"custom-id-2\" style=\"\">Plus d&rsquo;information<\/a>[vc_single_image image=\u00a0\u00bb20144&Prime; img_size=\u00a0\u00bbfull\u00a0\u00bb][vc_empty_space height=\u00a0\u00bb10px\u00a0\u00bb][\/vc_column][\/vc_row][vc_row css=\u00a0\u00bb.vc_custom_1616056579668{margin-top: 60px !important;}\u00a0\u00bb el_class=\u00a0\u00bbmeer-info-button\u00a0\u00bb][vc_column css=\u00a0\u00bb.vc_custom_1514966314470{padding-bottom: 40px !important;}\u00a0\u00bb]<h5 class='heading-content  style-1' ><span>3 essieux, 1 auto-suiveur, simple extensible<\/span><\/h5>[vc_column_text]Broshuis\/Nooteboom[\/vc_column_text][vc_empty_space height=\u00a0\u00bb10px\u00a0\u00bb]<a target=\"_self\" href=\"3-axle-1-self-tracking-extendible-step-frame\" class=\"btn btn-sm style-4\" id=\"custom-id-3\" style=\"\">Plus d&rsquo;information<\/a>[vc_single_image image=\u00a0\u00bb20148&Prime; img_size=\u00a0\u00bbfull\u00a0\u00bb][vc_empty_space height=\u00a0\u00bb10px\u00a0\u00bb][\/vc_column][\/vc_row][vc_row css=\u00a0\u00bb.vc_custom_1616056589779{margin-top: 60px !important;}\u00a0\u00bb el_class=\u00a0\u00bbmeer-info-button\u00a0\u00bb][vc_column css=\u00a0\u00bb.vc_custom_1514966314470{padding-bottom: 40px !important;}\u00a0\u00bb]<h5 class='heading-content  style-1' ><span>4 essieux, 2 auto-suiveur, simple extensible<\/span><\/h5>[vc_column_text]Broshuis\/Nooteboom[\/vc_column_text][vc_empty_space height=\u00a0\u00bb10px\u00a0\u00bb]<a target=\"_self\" href=\"4-axle-2-self-tracking-extendible-step-frame\" class=\"btn btn-sm style-4\" id=\"custom-id-4\" style=\"\">Plus d&rsquo;information<\/a>[vc_single_image image=\u00a0\u00bb20152&Prime; img_size=\u00a0\u00bbfull\u00a0\u00bb][vc_empty_space height=\u00a0\u00bb10px\u00a0\u00bb][\/vc_column][\/vc_row][vc_row css=\u00a0\u00bb.vc_custom_1616056598781{margin-top: 60px !important;}\u00a0\u00bb el_class=\u00a0\u00bbmeer-info-button\u00a0\u00bb][vc_column css=\u00a0\u00bb.vc_custom_1514966314470{padding-bottom: 40px !important;}\u00a0\u00bb]<h5 class='heading-content  style-1' ><span>6 essieux, double extensible<\/span><\/h5>[vc_column_text]Broshuis\/Doll\/Faymonville\/Goldhofer\/Nooteboom[\/vc_column_text][vc_empty_space height=\u00a0\u00bb10px\u00a0\u00bb]<a target=\"_self\" href=\"6-axle-double-extendible-step-frame-2\" class=\"btn btn-sm style-4\" id=\"custom-id-5\" style=\"\">Plus d&rsquo;information<\/a>[vc_single_image image=\u00a0\u00bb20156&Prime; img_size=\u00a0\u00bbfull\u00a0\u00bb][vc_empty_space height=\u00a0\u00bb10px\u00a0\u00bb][\/vc_column][\/vc_row][vc_row css=\u00a0\u00bb.vc_custom_1616056606433{margin-top: 60px !important;}\u00a0\u00bb el_class=\u00a0\u00bbmeer-info-button\u00a0\u00bb][vc_column css=\u00a0\u00bb.vc_custom_1514966314470{padding-bottom: 40px !important;}\u00a0\u00bb]<h5 class='heading-content  style-1' ><span>3 essieux, double extensible, col de cygne d\u00e9montable<\/span><\/h5>[vc_column_text]Broshuis[\/vc_column_text][vc_empty_space height=\u00a0\u00bb10px\u00a0\u00bb]<a target=\"_self\" href=\"2-axle-single-extendible-detachable-neck\" class=\"btn btn-sm style-4\" id=\"custom-id-6\" style=\"\">Plus d&rsquo;information<\/a>[vc_single_image image=\u00a0\u00bb20160&Prime; img_size=\u00a0\u00bbfull\u00a0\u00bb][vc_empty_space height=\u00a0\u00bb10px\u00a0\u00bb][\/vc_column][\/vc_row][vc_row full_width=\u00a0\u00bbstretch_row_content_no_spaces\u00a0\u00bb css=\u00a0\u00bb.vc_custom_1514966364096{margin-top: 60px !important;}\u00a0\u00bb][vc_column][vc_separator][\/vc_column][\/vc_row]<\/p>\n<\/div>","protected":false},"excerpt":{"rendered":"<p>[vc_row gap=\u00a0\u00bb30&Prime; content_placement=\u00a0\u00bbmiddle\u00a0\u00bb css=\u00a0\u00bb.vc_custom_1514979444160{margin-top: 50px !important;}\u00a0\u00bb][vc_column width=\u00a0\u00bb2\/3&Prime;][vc_column_text]EX-TRA est \u00e0 la recherche pour certains v\u00e9hicules sp\u00e9cifiques, tel que repr\u00e9sent\u00e9 dans le diagrammes contraire. Vous trouverez plus de d\u00e9tails concernant les sp\u00e9cifications requises en s\u00e9lectionnant sur le v\u00e9hicule particulier. Si vous avez&#8230;<\/p>\n","protected":false},"author":1,"featured_media":0,"parent":0,"menu_order":0,"comment_status":"closed","ping_status":"closed","template":"","meta":{"_acf_changed":false,"_monsterinsights_skip_tracking":false,"_monsterinsights_sitenote_active":false,"_monsterinsights_sitenote_note":"","_monsterinsights_sitenote_category":0,"footnotes":""},"class_list":["post-20711","page","type-page","status-publish","hentry"],"acf":[],"aioseo_notices":[],"_links":{"self":[{"href":"https:\/\/ex-tra.eu\/fr\/wp-json\/wp\/v2\/pages\/20711","targetHints":{"allow":["GET"]}}],"collection":[{"href":"https:\/\/ex-tra.eu\/fr\/wp-json\/wp\/v2\/pages"}],"about":[{"href":"https:\/\/ex-tra.eu\/fr\/wp-json\/wp\/v2\/types\/page"}],"author":[{"embeddable":true,"href":"https:\/\/ex-tra.eu\/fr\/wp-json\/wp\/v2\/users\/1"}],"replies":[{"embeddable":true,"href":"https:\/\/ex-tra.eu\/fr\/wp-json\/wp\/v2\/comments?post=20711"}],"version-history":[{"count":11,"href":"https:\/\/ex-tra.eu\/fr\/wp-json\/wp\/v2\/pages\/20711\/revisions"}],"predecessor-version":[{"id":26689,"href":"https:\/\/ex-tra.eu\/fr\/wp-json\/wp\/v2\/pages\/20711\/revisions\/26689"}],"wp:attachment":[{"href":"https:\/\/ex-tra.eu\/fr\/wp-json\/wp\/v2\/media?parent=20711"}],"curies":[{"name":"wp","href":"https:\/\/api.w.org\/{rel}","templated":true}]}}