{"id":20599,"date":"2014-11-11T11:09:47","date_gmt":"2014-11-11T11:09:47","guid":{"rendered":"https:\/\/ex-tra.euhome\/"},"modified":"2023-09-29T13:06:47","modified_gmt":"2023-09-29T13:06:47","slug":"home","status":"publish","type":"page","link":"https:\/\/ex-tra.eu\/fr\/","title":{"rendered":"Home"},"content":{"rendered":"<div class=\"wpb-content-wrapper\"><p>[vc_row full_width=\u00a0\u00bbstretch_row\u00a0\u00bb disable_element=\u00a0\u00bbyes\u00a0\u00bb has_content=\u00a0\u00bbtrue\u00a0\u00bb][vc_column][rev_slider_vc alias=\u00a0\u00bbfull_screen\u00a0\u00bb][\/vc_column][\/vc_row][vc_row full_width=\u00a0\u00bbstretch_row\u00a0\u00bb gap=\u00a0\u00bb30&Prime; css=\u00a0\u00bb.vc_custom_1612175150182{background-color: #e10707 !important;background-position: center !important;background-repeat: no-repeat !important;background-size: cover !important;}\u00a0\u00bb el_class=\u00a0\u00bbon-top\u00a0\u00bb][vc_column width=\u00a0\u00bb1\/3&Prime; css=\u00a0\u00bb.vc_custom_1609518314990{border-radius: 2px !important;}\u00a0\u00bb]<div class=\"icon style-2 icon-left\">\n            <span>\n                <i class=\"fas fa-map-marker-alt\" style='color: #ffffff;'><\/i>\n                <h2 style='color: #ffffff;'><\/h2>\n                <h3 class=\"style-2\" style='color: #ffffff;'>Dr. Frederik van Eedenweg 23 | 1401 GC Bussum | Les Pays-Bas<\/h3>\n            <\/span>\n            <p> <\/p>\n    <\/div>[\/vc_column][vc_column width=\u00a0\u00bb1\/3&Prime;]<div class=\"icon style-2 icon-left\">\n            <span>\n                <i class=\"fas fa-phone\" style='color: #ffffff;'><\/i>\n                <h2 style='color: #ffffff;'><\/h2>\n                <h3 class=\"style-2\" style='color: #ffffff;'>+31 6 208 128 77<\/h3>\n            <\/span>\n            <p> <\/p>\n    <\/div>[\/vc_column][vc_column width=\u00a0\u00bb1\/3&Prime;]<div class=\"icon style-2 icon-left\">\n             <a href=\"mailto:info@ex-tra.eu\" target=\"_self\">\n                <i class=\"fas fa-at\" style='color: #ffffff;'><\/i>\n                <h2 style='color: #ffffff;'><\/h2>\n                <h3 class=\"style-2\" style='color: #ffffff;'>info@ex-tra.eu<\/h3>\n            <\/a>\n            <p> <\/p>\n    <\/div>[\/vc_column][\/vc_row][vc_row full_width=\u00a0\u00bbstretch_row\u00a0\u00bb css=\u00a0\u00bb.vc_custom_1612175083761{margin-top: 0px !important;padding-top: 100px !important;padding-bottom: 130px !important;background-image: url(https:\/\/ex-tra.eu\/wp-content\/uploads\/2021\/02\/image_truck_5.jpg?id=9645) !important;background-position: center !important;background-repeat: no-repeat !important;background-size: cover !important;}\u00a0\u00bb][vc_column width=\u00a0\u00bb1\/2&Prime;][vc_single_image image=\u00a0\u00bb19924&Prime; img_size=\u00a0\u00bbmedium\u00a0\u00bb][vc_empty_space height=\u00a0\u00bb25px\u00a0\u00bb][vc_column_text]EX-TRA.RENTAL dispose d\u2019un large choix de \u2018semi-remorques sp\u00e9ciales\u2019 de location en Hollande, Angleterre, Espagne et la France. Les remorques de la gamme sont lou\u00e9es sous des conditions de dur\u00e9e souples et \u00e0 des tarifs comp\u00e9titifs.<\/p>\n<p>Les remorques sont disponibles \u00e0 la location \u00e0 court ou \u00e0 long terme et \u00e0 la &lsquo;location \u00e0 option d\u2019achat&rsquo; avec les termes et conditions avantageuses.[\/vc_column_text][vc_empty_space height=\u00a0\u00bb35px\u00a0\u00bb]<a target=\"_self\" href=\"https:\/\/ex-tra.eu\/fr\/verhuur\/\" class=\"btn btn-md style-1\" id=\"custom-id-0\" style=\"\">Voir notre flotte<\/a>[\/vc_column][\/vc_row][vc_row css=\u00a0\u00bb.vc_custom_1609774282007{margin-top: 60px !important;margin-bottom: 60px !important;background-position: center !important;background-repeat: no-repeat !important;background-size: contain !important;}\u00a0\u00bb el_class=\u00a0\u00bbmobile-bg-off\u00a0\u00bb][vc_column][vc_custom_heading text=\u00a0\u00bb<b>NOS SERVICES<\/b>\u00a0\u00bb font_container=\u00a0\u00bbtag:h3|font_size:32|text_align:center|color:%23727272&Prime; use_theme_fonts=\u00a0\u00bbyes\u00a0\u00bb css=\u00a0\u00bb.vc_custom_1616137737986{margin-bottom: 0px !important;}\u00a0\u00bb][vc_custom_heading text=\u00a0\u00bb<b>La solution compl\u00e8te <\/b>pour votre transport sp\u00e9cial\u00a0\u00bb font_container=\u00a0\u00bbtag:h3|text_align:center\u00a0\u00bb use_theme_fonts=\u00a0\u00bbyes\u00a0\u00bb css=\u00a0\u00bb.vc_custom_1616137782042{margin-top: 0px !important;margin-bottom: 0px !important;}\u00a0\u00bb][vc_row_inner css=\u00a0\u00bb.vc_custom_1614920853730{margin-top: 50px !important;margin-bottom: 50px !important;}\u00a0\u00bb el_class=\u00a0\u00bbsame-height\u00a0\u00bb][vc_column_inner el_class=\u00a0\u00bb.centerIt\u00a0\u00bb width=\u00a0\u00bb1\/2&Prime;][vc_custom_heading text=\u00a0\u00bbTRANSPORTS\u00a0\u00bb font_container=\u00a0\u00bbtag:h4|text_align:center\u00a0\u00bb use_theme_fonts=\u00a0\u00bbyes\u00a0\u00bb][vc_empty_space height=\u00a0\u00bb15px\u00a0\u00bb][vc_column_text]Nous pouvons sous-traiter votre convoi exceptionnel chez un <strong><em>sp\u00e9cialiste de confiance.<\/em><\/strong>[\/vc_column_text][vc_empty_space height=\u00a0\u00bb15px\u00a0\u00bb]<a target=\"_self\" href=\"https:\/\/ex-tra.eu\/fr\/transport\/\" class=\"btn btn-sm style-1\" id=\"custom-id-1\" style=\"\">Plus d&rsquo;information<\/a>[vc_empty_space height=\u00a0\u00bb15px\u00a0\u00bb][\/vc_column_inner][vc_column_inner el_class=\u00a0\u00bb.centerIt\u00a0\u00bb width=\u00a0\u00bb1\/2&Prime;][vc_custom_heading text=\u00a0\u00bbITIN\u00c9RAIRES\u00a0\u00bb font_container=\u00a0\u00bbtag:h4|text_align:center\u00a0\u00bb use_theme_fonts=\u00a0\u00bbyes\u00a0\u00bb][vc_empty_space height=\u00a0\u00bb15px\u00a0\u00bb][vc_column_text]<\/p>\n<p style=\"text-align: center;\">Nous livrons des<em>\u00a0<\/em><strong><em>\u00e9tudes d&rsquo;intin\u00e9raires num\u00e9riques<\/em><\/strong> sur la base de Google Satellite.<\/p>\n<p>[\/vc_column_text][vc_empty_space height=\u00a0\u00bb15px\u00a0\u00bb]<a target=\"_self\" href=\"https:\/\/ex-tra.eu\/fr\/ex-plore\" class=\"btn btn-sm style-1\" id=\"custom-id-2\" style=\"\">Plus d&rsquo;information<\/a>[vc_empty_space height=\u00a0\u00bb15px\u00a0\u00bb][\/vc_column_inner][\/vc_row_inner][vc_row_inner disable_element=\u00a0\u00bbyes\u00a0\u00bb css=\u00a0\u00bb.vc_custom_1618227241979{margin-top: 50px !important;margin-bottom: 50px !important;}\u00a0\u00bb el_class=\u00a0\u00bbsame-height\u00a0\u00bb][vc_column_inner el_class=\u00a0\u00bb.centerIt\u00a0\u00bb width=\u00a0\u00bb1\/3&Prime;][vc_custom_heading text=\u00a0\u00bbTRANSPORT EXCEPTIONELLE\u00a0\u00bb font_container=\u00a0\u00bbtag:h4|text_align:center\u00a0\u00bb use_theme_fonts=\u00a0\u00bbyes\u00a0\u00bb][vc_empty_space height=\u00a0\u00bb15px\u00a0\u00bb][vc_column_text]Nous pouvons organiser votre transport sp\u00e9cial pour vous avec un <strong><em>sp\u00e9cialiste de confiance.<\/em><\/strong>[\/vc_column_text][vc_empty_space height=\u00a0\u00bb15px\u00a0\u00bb]<a target=\"_self\" href=\"https:\/\/ex-tra.eu\/fr\/transport\/\" class=\"btn btn-sm style-1\" id=\"custom-id-3\" style=\"\">Plus d&rsquo;information<\/a>[vc_empty_space height=\u00a0\u00bb15px\u00a0\u00bb][\/vc_column_inner][vc_column_inner el_class=\u00a0\u00bb.centerIt\u00a0\u00bb width=\u00a0\u00bb1\/3&Prime;][vc_custom_heading text=\u00a0\u00bbEX-PLORE\u00a0\u00bb font_container=\u00a0\u00bbtag:h4|text_align:center\u00a0\u00bb use_theme_fonts=\u00a0\u00bbyes\u00a0\u00bb][vc_empty_space height=\u00a0\u00bb15px\u00a0\u00bb][vc_column_text]<\/p>\n<p style=\"text-align: center;\">Nous livrons des <strong><em>cartes routi\u00e8res num\u00e9riques<\/em><\/strong> des itin\u00e9raires bas\u00e9s sur Google Satellite.<\/p>\n<p>[\/vc_column_text][vc_empty_space height=\u00a0\u00bb15px\u00a0\u00bb]<a target=\"_self\" href=\"https:\/\/ex-tra.eu\/fr\/ex-plore\" class=\"btn btn-sm style-1\" id=\"custom-id-4\" style=\"\">Plus d&rsquo;information<\/a>[vc_empty_space height=\u00a0\u00bb15px\u00a0\u00bb][\/vc_column_inner][vc_column_inner el_class=\u00a0\u00bb.centerIt\u00a0\u00bb width=\u00a0\u00bb1\/3&Prime;][vc_custom_heading text=\u00a0\u00bbEX-TRADUCTION\u00a0\u00bb font_container=\u00a0\u00bbtag:h4|text_align:center\u00a0\u00bb use_theme_fonts=\u00a0\u00bbyes\u00a0\u00bb][vc_empty_space height=\u00a0\u00bb15px\u00a0\u00bb][vc_column_text]<\/p>\n<p style=\"text-align: center;\">Pour le moment, il n&rsquo;est <strong><em>pas encore possible<\/em><\/strong> de faire traduire vos documents de transport certifi\u00e9s en fran\u00e7ais.<\/p>\n<p>[\/vc_column_text][vc_empty_space height=\u00a0\u00bb15px\u00a0\u00bb]<a target=\"_self\" href=\"https:\/\/ex-tra.eu\/fr\/vertalingen\" class=\"btn btn-sm style-1\" id=\"custom-id-5\" style=\"\">Plus d&rsquo;information<\/a>[vc_empty_space height=\u00a0\u00bb15px\u00a0\u00bb][\/vc_column_inner][\/vc_row_inner][\/vc_column][\/vc_row][vc_row full_width=\u00a0\u00bbstretch_row\u00a0\u00bb css=\u00a0\u00bb.vc_custom_1614001652005{margin-bottom: 0px !important;background-color: #e2e2e2 !important;}\u00a0\u00bb][vc_column][vc_custom_heading text=\u00a0\u00bbVENTE\u00a0\u00bb font_container=\u00a0\u00bbtag:h3|font_size:32px|text_align:center\u00a0\u00bb use_theme_fonts=\u00a0\u00bbyes\u00a0\u00bb][vc_empty_space height=\u00a0\u00bb30px\u00a0\u00bb][\/vc_column][\/vc_row][vc_row full_width=\u00a0\u00bbstretch_row\u00a0\u00bb css=\u00a0\u00bb.vc_custom_1614001050112{padding-bottom: 30px !important;background-color: #e2e2e2 !important;}\u00a0\u00bb][vc_column width=\u00a0\u00bb1\/3&Prime;][vc_single_image image=\u00a0\u00bb18496&Prime; img_size=\u00a0\u00bbfull\u00a0\u00bb css=\u00a0\u00bb.vc_custom_1612186282225{padding-top: 15px !important;}\u00a0\u00bb][\/vc_column][vc_column width=\u00a0\u00bb1\/3&Prime; el_class=\u00a0\u00bbcenter_it\u00a0\u00bb][vc_custom_heading text=\u00a0\u00bbVENTE\u00a0\u00bb font_container=\u00a0\u00bbtag:h3|font_size:22px|text_align:center\u00a0\u00bb use_theme_fonts=\u00a0\u00bbyes\u00a0\u00bb][vc_column_text]EX-TRA est l&rsquo;un des plus importants fournisseurs europ\u00e9ens de v\u00e9hicules de <strong><em>transport sp\u00e9ciaux d&rsquo;occasion<\/em><\/strong>.[\/vc_column_text][vc_empty_space height=\u00a0\u00bb30px\u00a0\u00bb]<a target=\"_self\" href=\"https:\/\/ex-tra.eu\/fr\/verkoop\/\" class=\"btn btn-sm style-1\" id=\"custom-id-6\" style=\"color: #e2e2e2;\">Plus d&rsquo;information<\/a>[\/vc_column][vc_column width=\u00a0\u00bb1\/3&Prime;][vc_single_image image=\u00a0\u00bb13600&Prime; img_size=\u00a0\u00bbfull\u00a0\u00bb css=\u00a0\u00bb.vc_custom_1610128765758{padding-top: 15px !important;}\u00a0\u00bb][\/vc_column][\/vc_row][vc_row full_width=\u00a0\u00bbstretch_row\u00a0\u00bb css=\u00a0\u00bb.vc_custom_1614001777308{padding-bottom: 50px !important;background-color: #e2e2e2 !important;}\u00a0\u00bb el_class=\u00a0\u00bbhomeNews\u00a0\u00bb][vc_column][vc_row_inner css=\u00a0\u00bb.vc_custom_1614001662015{background-color: #e2e2e2 !important;}\u00a0\u00bb][vc_column_inner el_class=\u00a0\u00bbcenter_it\u00a0\u00bb width=\u00a0\u00bb1\/3&Prime;][vc_custom_heading text=\u00a0\u00bbREMORQUES\u00a0\u00bb font_container=\u00a0\u00bbtag:h3|font_size:22px|text_align:center\u00a0\u00bb use_theme_fonts=\u00a0\u00bbyes\u00a0\u00bb][vc_column_text]EX-TRA con\u00e7oit des <strong><em>remorques sur mesure<\/em><\/strong>, adapt\u00e9es \u00e0 vos besoins de transport sp\u00e9cifiques. Du vrai \u00a0\u00bbpr\u00eat \u00e0 porter\u00a0\u00bb![\/vc_column_text][vc_empty_space height=\u00a0\u00bb30px\u00a0\u00bb]<a target=\"_self\" href=\"https:\/\/ex-tra.eu\/fr\/trailers\" class=\"btn btn-sm style-1\" id=\"custom-id-7\" style=\"color: #e2e2e2;\">Plus d&rsquo;information<\/a>[\/vc_column_inner][vc_column_inner el_class=\u00a0\u00bbcenter_it\u00a0\u00bb width=\u00a0\u00bb1\/3&Prime;][vc_single_image image=\u00a0\u00bb18132&Prime; img_size=\u00a0\u00bbfull\u00a0\u00bb css=\u00a0\u00bb.vc_custom_1612186025721{padding-top: 15px !important;}\u00a0\u00bb][\/vc_column_inner][vc_column_inner el_class=\u00a0\u00bbcenter_it\u00a0\u00bb width=\u00a0\u00bb1\/3&Prime;][vc_custom_heading text=\u00a0\u00bbTRACTEURS\u00a0\u00bb font_container=\u00a0\u00bbtag:h2|font_size:22px|text_align:center\u00a0\u00bb use_theme_fonts=\u00a0\u00bbyes\u00a0\u00bb][vc_column_text]Contactez EX-TRA pour <strong><em>des modifications<\/em><\/strong> de votre tracteur.[\/vc_column_text][vc_empty_space height=\u00a0\u00bb30px\u00a0\u00bb]<a target=\"_self\" href=\"https:\/\/ex-tra.eu\/fr\/trekkers\" class=\"btn btn-sm style-1\" id=\"custom-id-8\" style=\"color: #e2e2e2;\">Plus d&rsquo;information<\/a>[\/vc_column_inner][\/vc_row_inner][\/vc_column][\/vc_row][vc_row el_class=\u00a0\u00bbcz-iiner-setting\u00a0\u00bb][vc_column][vc_row_inner css=\u00a0\u00bb.vc_custom_1614055905265{background-color: #ffffff !important;}\u00a0\u00bb el_class=\u00a0\u00bbcz-wijdoen\u00a0\u00bb][vc_column_inner][vc_custom_heading text=\u00a0\u00bbNOUS FAISONS TOUT POUR VOUS COMMENCER VOTRE VOYAGE!\u00a0\u00bb font_container=\u00a0\u00bbtag:h3|font_size:32px|text_align:center\u00a0\u00bb use_theme_fonts=\u00a0\u00bbyes\u00a0\u00bb][vc_empty_space height=\u00a0\u00bb10px\u00a0\u00bb][vc_column_text]Nous vous en prie![\/vc_column_text][vc_empty_space height=\u00a0\u00bb30px\u00a0\u00bb]<a target=\"_self\" href=\"https:\/\/ex-tra.eu\/fr\/contact\/\" class=\"btn btn-lg style-1\" id=\"custom-id-9\" style=\"\">Contact<\/a>[vc_empty_space height=\u00a0\u00bb30px\u00a0\u00bb][\/vc_column_inner][\/vc_row_inner][\/vc_column][\/vc_row][vc_row el_class=\u00a0\u00bbcz-news-home\u00a0\u00bb][vc_column][vc_custom_heading text=\u00a0\u00bb<b>NOS ACTUALIT\u00c9S<\/b>\u00a0\u00bb font_container=\u00a0\u00bbtag:h3|font_size:32px|text_align:center\u00a0\u00bb use_theme_fonts=\u00a0\u00bbyes\u00a0\u00bb][vc_empty_space height=\u00a0\u00bb30px\u00a0\u00bb][vc_basic_grid post_type=\u00a0\u00bbpost\u00a0\u00bb max_items=\u00a0\u00bb4&Prime; element_width=\u00a0\u00bb3&Prime; grid_id=\u00a0\u00bbvc_gid:1618918606736-af427bfb-0529-0&Prime; taxonomies=\u00a0\u00bb70&Prime; el_class=\u00a0\u00bbnews_btn\u00a0\u00bb][vc_empty_space height=\u00a0\u00bb10px\u00a0\u00bb][\/vc_column][\/vc_row]<\/p>\n<\/div>","protected":false},"excerpt":{"rendered":"<p>[vc_row full_width=\u00a0\u00bbstretch_row\u00a0\u00bb disable_element=\u00a0\u00bbyes\u00a0\u00bb has_content=\u00a0\u00bbtrue\u00a0\u00bb][vc_column][rev_slider_vc alias=\u00a0\u00bbfull_screen\u00a0\u00bb][\/vc_column][\/vc_row][vc_row full_width=\u00a0\u00bbstretch_row\u00a0\u00bb gap=\u00a0\u00bb30&Prime; css=\u00a0\u00bb.vc_custom_1612175150182{background-color: #e10707 !important;background-position: center !important;background-repeat: no-repeat !important;background-size: cover !important;}\u00a0\u00bb el_class=\u00a0\u00bbon-top\u00a0\u00bb][vc_column width=\u00a0\u00bb1\/3&Prime; css=\u00a0\u00bb.vc_custom_1609518314990{border-radius: 2px !important;}\u00a0\u00bb][\/vc_column][vc_column width=\u00a0\u00bb1\/3&Prime;][\/vc_column][vc_column width=\u00a0\u00bb1\/3&Prime;][\/vc_column][\/vc_row][vc_row full_width=\u00a0\u00bbstretch_row\u00a0\u00bb css=\u00a0\u00bb.vc_custom_1612175083761{margin-top: 0px !important;padding-top: 100px !important;padding-bottom: 130px !important;background-image: url(https:\/\/ex-tra.eu\/wp-content\/uploads\/2021\/02\/image_truck_5.jpg?id=9645) !important;background-position: center !important;background-repeat: no-repeat !important;background-size: cover !important;}\u00a0\u00bb][vc_column width=\u00a0\u00bb1\/2&Prime;][vc_single_image&#8230;<\/p>\n","protected":false},"author":2,"featured_media":0,"parent":0,"menu_order":0,"comment_status":"open","ping_status":"open","template":"","meta":{"_acf_changed":false,"_monsterinsights_skip_tracking":false,"_monsterinsights_sitenote_active":false,"_monsterinsights_sitenote_note":"","_monsterinsights_sitenote_category":0,"footnotes":""},"class_list":["post-20599","page","type-page","status-publish","hentry"],"acf":[],"aioseo_notices":[],"_links":{"self":[{"href":"https:\/\/ex-tra.eu\/fr\/wp-json\/wp\/v2\/pages\/20599","targetHints":{"allow":["GET"]}}],"collection":[{"href":"https:\/\/ex-tra.eu\/fr\/wp-json\/wp\/v2\/pages"}],"about":[{"href":"https:\/\/ex-tra.eu\/fr\/wp-json\/wp\/v2\/types\/page"}],"author":[{"embeddable":true,"href":"https:\/\/ex-tra.eu\/fr\/wp-json\/wp\/v2\/users\/2"}],"replies":[{"embeddable":true,"href":"https:\/\/ex-tra.eu\/fr\/wp-json\/wp\/v2\/comments?post=20599"}],"version-history":[{"count":32,"href":"https:\/\/ex-tra.eu\/fr\/wp-json\/wp\/v2\/pages\/20599\/revisions"}],"predecessor-version":[{"id":24090,"href":"https:\/\/ex-tra.eu\/fr\/wp-json\/wp\/v2\/pages\/20599\/revisions\/24090"}],"wp:attachment":[{"href":"https:\/\/ex-tra.eu\/fr\/wp-json\/wp\/v2\/media?parent=20599"}],"curies":[{"name":"wp","href":"https:\/\/api.w.org\/{rel}","templated":true}]}}