{"id":20980,"date":"2020-12-31T05:12:11","date_gmt":"2020-12-31T05:12:11","guid":{"rendered":"https:\/\/ex-tra.euvertalingen\/"},"modified":"2021-03-24T11:10:47","modified_gmt":"2021-03-24T11:10:47","slug":"vertalingen","status":"publish","type":"page","link":"https:\/\/ex-tra.eu\/es\/vertalingen\/","title":{"rendered":"Traducci\u00f3n"},"content":{"rendered":"<div class=\"wpb-content-wrapper\"><p>[vc_row gap=\u00bb30&#8243; content_placement=\u00bbmiddle\u00bb css=\u00bb.vc_custom_1514979444160{margin-top: 50px !important;}\u00bb][vc_column][vc_column_text]En la actualidad solo podemos tener su documentaci\u00f3n de transporte traducida oficialmente y verificada del holand\u00e9s al espa\u00f1ol.[\/vc_column_text][vc_single_image image=\u00bb13618&#8243; img_size=\u00bbfull\u00bb][vc_empty_space height=\u00bb15px\u00bb][\/vc_column][\/vc_row][vc_column]<a target=\"_self\" href=\"https:\/\/ex-tra.eu\/es\/contact\/\" class=\"btn btn-sm style-1\" id=\"custom-id-0\" style=\"\">CONTACT<\/a>[vc_empty_space height=\u00bb35px\u00bb][\/vc_column]<\/p>\n<\/div>","protected":false},"excerpt":{"rendered":"<p>[vc_row gap=\u00bb30&#8243; content_placement=\u00bbmiddle\u00bb css=\u00bb.vc_custom_1514979444160{margin-top: 50px !important;}\u00bb][vc_column][vc_column_text]En la actualidad solo podemos tener su documentaci\u00f3n de transporte traducida oficialmente y verificada del holand\u00e9s al espa\u00f1ol.[\/vc_column_text][vc_single_image image=\u00bb13618&#8243; img_size=\u00bbfull\u00bb][vc_empty_space height=\u00bb15px\u00bb][\/vc_column][\/vc_row][vc_column][vc_empty_space height=\u00bb35px\u00bb][\/vc_column]<\/p>\n","protected":false},"author":1,"featured_media":0,"parent":0,"menu_order":0,"comment_status":"closed","ping_status":"closed","template":"","meta":{"_acf_changed":false,"_monsterinsights_skip_tracking":false,"_monsterinsights_sitenote_active":false,"_monsterinsights_sitenote_note":"","_monsterinsights_sitenote_category":0,"footnotes":""},"class_list":["post-20980","page","type-page","status-publish","hentry"],"acf":[],"aioseo_notices":[],"_links":{"self":[{"href":"https:\/\/ex-tra.eu\/es\/wp-json\/wp\/v2\/pages\/20980","targetHints":{"allow":["GET"]}}],"collection":[{"href":"https:\/\/ex-tra.eu\/es\/wp-json\/wp\/v2\/pages"}],"about":[{"href":"https:\/\/ex-tra.eu\/es\/wp-json\/wp\/v2\/types\/page"}],"author":[{"embeddable":true,"href":"https:\/\/ex-tra.eu\/es\/wp-json\/wp\/v2\/users\/1"}],"replies":[{"embeddable":true,"href":"https:\/\/ex-tra.eu\/es\/wp-json\/wp\/v2\/comments?post=20980"}],"version-history":[{"count":12,"href":"https:\/\/ex-tra.eu\/es\/wp-json\/wp\/v2\/pages\/20980\/revisions"}],"predecessor-version":[{"id":22737,"href":"https:\/\/ex-tra.eu\/es\/wp-json\/wp\/v2\/pages\/20980\/revisions\/22737"}],"wp:attachment":[{"href":"https:\/\/ex-tra.eu\/es\/wp-json\/wp\/v2\/media?parent=20980"}],"curies":[{"name":"wp","href":"https:\/\/api.w.org\/{rel}","templated":true}]}}