{"id":20932,"date":"2020-12-31T05:10:36","date_gmt":"2020-12-31T05:10:36","guid":{"rendered":"https:\/\/ex-tra.euverkoop\/"},"modified":"2024-06-24T17:23:10","modified_gmt":"2024-06-24T17:23:10","slug":"verkoop","status":"publish","type":"page","link":"https:\/\/ex-tra.eu\/es\/verkoop\/","title":{"rendered":"VENTA"},"content":{"rendered":"<div class=\"wpb-content-wrapper\"><p>[vc_row gap=\u00bb30&#8243; content_placement=\u00bbmiddle\u00bb css=\u00bb.vc_custom_1514979444160{margin-top: 50px !important;}\u00bb][vc_column][vc_column_text]<\/p>\n<p style=\"text-align: left;\">EX-TRA es uno de las principales proveedores en los veh\u00edculos usados de transporte especial.<\/p>\n<p style=\"text-align: left;\">Aqu\u00ed es donde usted encontrar\u00e1 la mejor colecci\u00f3n de plataformas, g\u00f3ndolas, g\u00f3ndolas rebajadas, sistemas de remolque modulares y tractores destinados al transporte especial, todos ellos ordenados por grupo de productos.<\/p>\n<p style=\"text-align: left;\">Si no son capaces de encontrar el veh\u00edculo necesario, simplemente env\u00ede un e-mail con su especificaci\u00f3n requerida. Usted ser\u00e1 notificado tan pronto como un veh\u00edculo similar se ofrezca a la venta a EX-TRA.<\/p>\n<p>[\/vc_column_text][vc_empty_space height=\u00bb15px\u00bb][\/vc_column][\/vc_row][vc_row css=\u00bb.vc_custom_1609399537459{margin-top: 20px !important;}\u00bb][vc_column width=\u00bb1\/3&#8243; css=\u00bb.vc_custom_1609400304079{padding-bottom: px !important;}\u00bb][vc_single_image image=\u00bb13546&#8243; img_size=\u00bbfull\u00bb onclick=\u00bbcustom_link\u00bb css=\u00bb\u00bb link=\u00bbhttps:\/\/ex-tra.eu\/es\/verkoop-van-vlakke-opleggers\/\u00bb][\/vc_column][vc_column width=\u00bb1\/3&#8243; css=\u00bb.vc_custom_1609400198597{padding-bottom: 0px !important;}\u00bb][vc_single_image image=\u00bb13542&#8243; img_size=\u00bbfull\u00bb onclick=\u00bbcustom_link\u00bb css=\u00bb\u00bb link=\u00bbhttps:\/\/ex-tra.eu\/es\/verkoop-van-wing-carriers\u00bb][\/vc_column][vc_column width=\u00bb1\/3&#8243; css=\u00bb.vc_custom_1609400321366{padding-bottom: 0px !important;}\u00bb][vc_single_image image=\u00bb13538&#8243; img_size=\u00bbfull\u00bb onclick=\u00bbcustom_link\u00bb css=\u00bb\u00bb link=\u00bbhttps:\/\/ex-tra.eu\/es\/verkoop-van-semi-diepladers\u00bb][\/vc_column][\/vc_row][vc_row css=\u00bb.vc_custom_1609399545424{margin-top: 0px !important;}\u00bb][vc_column width=\u00bb1\/3&#8243; css=\u00bb.vc_custom_1514966314470{padding-bottom: 40px !important;}\u00bb][vc_single_image image=\u00bb13534&#8243; img_size=\u00bbfull\u00bb onclick=\u00bbcustom_link\u00bb css=\u00bb\u00bb link=\u00bbhttps:\/\/ex-tra.eu\/es\/verkoop-van-diepladers\u00bb][\/vc_column][vc_column width=\u00bb1\/3&#8243; css=\u00bb.vc_custom_1514966321007{padding-bottom: 40px !important;}\u00bb][vc_single_image image=\u00bb27098&#8243; img_size=\u00bbfull\u00bb onclick=\u00bbcustom_link\u00bb css=\u00bb\u00bb link=\u00bbhttps:\/\/ex-tra.eu\/es\/verkoop-van-overig\u00bb][\/vc_column][vc_column width=\u00bb1\/3&#8243; css=\u00bb.vc_custom_1514966325398{padding-bottom: 40px !important;}\u00bb][vc_single_image image=\u00bb13550&#8243; img_size=\u00bbfull\u00bb onclick=\u00bbcustom_link\u00bb css=\u00bb\u00bb link=\u00bbhttps:\/\/ex-tra.eu\/es\/verkoop-van-trucks\u00bb][\/vc_column][\/vc_row][vc_row full_width=\u00bbstretch_row_content_no_spaces\u00bb css=\u00bb.vc_custom_1514966364096{margin-top: 60px !important;}\u00bb][vc_column][vc_separator][\/vc_column][\/vc_row]<\/p>\n<\/div>","protected":false},"excerpt":{"rendered":"<p>[vc_row gap=\u00bb30&#8243; content_placement=\u00bbmiddle\u00bb css=\u00bb.vc_custom_1514979444160{margin-top: 50px !important;}\u00bb][vc_column][vc_column_text] EX-TRA es uno de las principales proveedores en los veh\u00edculos usados de transporte especial. Aqu\u00ed es donde usted encontrar\u00e1 la mejor colecci\u00f3n de plataformas, g\u00f3ndolas, g\u00f3ndolas rebajadas, sistemas de remolque modulares y tractores destinados&#8230;<\/p>\n","protected":false},"author":1,"featured_media":0,"parent":0,"menu_order":0,"comment_status":"closed","ping_status":"closed","template":"","meta":{"_acf_changed":false,"_monsterinsights_skip_tracking":false,"_monsterinsights_sitenote_active":false,"_monsterinsights_sitenote_note":"","_monsterinsights_sitenote_category":0,"footnotes":""},"class_list":["post-20932","page","type-page","status-publish","hentry"],"acf":[],"aioseo_notices":[],"_links":{"self":[{"href":"https:\/\/ex-tra.eu\/es\/wp-json\/wp\/v2\/pages\/20932","targetHints":{"allow":["GET"]}}],"collection":[{"href":"https:\/\/ex-tra.eu\/es\/wp-json\/wp\/v2\/pages"}],"about":[{"href":"https:\/\/ex-tra.eu\/es\/wp-json\/wp\/v2\/types\/page"}],"author":[{"embeddable":true,"href":"https:\/\/ex-tra.eu\/es\/wp-json\/wp\/v2\/users\/1"}],"replies":[{"embeddable":true,"href":"https:\/\/ex-tra.eu\/es\/wp-json\/wp\/v2\/comments?post=20932"}],"version-history":[{"count":9,"href":"https:\/\/ex-tra.eu\/es\/wp-json\/wp\/v2\/pages\/20932\/revisions"}],"predecessor-version":[{"id":27146,"href":"https:\/\/ex-tra.eu\/es\/wp-json\/wp\/v2\/pages\/20932\/revisions\/27146"}],"wp:attachment":[{"href":"https:\/\/ex-tra.eu\/es\/wp-json\/wp\/v2\/media?parent=20932"}],"curies":[{"name":"wp","href":"https:\/\/api.w.org\/{rel}","templated":true}]}}