{"id":20916,"date":"2020-12-31T05:10:20","date_gmt":"2020-12-31T05:10:20","guid":{"rendered":"https:\/\/ex-tra.euverhuur\/"},"modified":"2021-04-13T07:51:17","modified_gmt":"2021-04-13T07:51:17","slug":"verhuur","status":"publish","type":"page","link":"https:\/\/ex-tra.eu\/es\/verhuur\/","title":{"rendered":"ALQUILER"},"content":{"rendered":"<div class=\"wpb-content-wrapper\"><p>[vc_row gap=\u00bb30&#8243; content_placement=\u00bbmiddle\u00bb css=\u00bb.vc_custom_1514979444160{margin-top: 50px !important;}\u00bb][vc_column][vc_column_text]EX-TRA proporciona alquiler remolques para transportes especiales por carretera en paises como Gran Breta\u00f1a, Pa\u00edses Bajos, Francia y Espa\u00f1a. La flota de alquiler de ex-tra se compone de la plataformas, platagond\u00f3las, gond\u00f3las, gond\u00f3las rebajadas y otros remolques especiales.<\/p>\n<p style=\"text-align: left;\">Todos los remolques est\u00e1n disponibles para alquileres de corto y largo plazo y tambi\u00e9n alquiler con opci\u00f3n de compra con t\u00e9rminos y condiciones ventajosos.<\/p>\n<p>Para ahorrarle kil\u00f3metros innecesarios a la hora de recoger y devolver, la flota de alquiler se distribuye en diferentes ubicaciones. La distancia a la ubicaci\u00f3n de un remolque en particular se indica por separado para cada remolque, de modo que pueda ver de inmediato qu\u00e9 es lo m\u00e1s ventajoso para usted.<\/p>\n<p>[\/vc_column_text][vc_empty_space height=\u00bb15px\u00bb][\/vc_column][\/vc_row][vc_row css=\u00bb.vc_custom_1614936792041{margin-top: 20px !important;}\u00bb el_class=\u00bbverhuur_sec\u00bb][vc_column width=\u00bb1\/3&#8243; css=\u00bb.vc_custom_1609400304079{padding-bottom: px !important;}\u00bb][vc_single_image image=\u00bb13546&#8243; img_size=\u00bbfull\u00bb onclick=\u00bbcustom_link\u00bb link=\u00bbhttps:\/\/ex-tra.eu\/es\/verhuur-van-vlakke-opleggers\/\u00bb][vc_custom_heading text=\u00bbPLATAFORMAS\u00bb font_container=\u00bbtag:h3|text_align:left\u00bb][\/vc_column][vc_column width=\u00bb1\/3&#8243; css=\u00bb.vc_custom_1609400198597{padding-bottom: 0px !important;}\u00bb][vc_single_image image=\u00bb13542&#8243; img_size=\u00bbfull\u00bb onclick=\u00bbcustom_link\u00bb link=\u00bbhttps:\/\/ex-tra.eu\/es\/verhuur-van-wing-carriers\/\u00bb][vc_custom_heading text=\u00bbPLATAG\u00d3NDOLAS\u00bb font_container=\u00bbtag:h3|text_align:left\u00bb][\/vc_column][vc_column width=\u00bb1\/3&#8243; css=\u00bb.vc_custom_1609400321366{padding-bottom: 0px !important;}\u00bb][vc_single_image image=\u00bb13538&#8243; img_size=\u00bbfull\u00bb onclick=\u00bbcustom_link\u00bb link=\u00bbhttps:\/\/ex-tra.eu\/es\/verhuur-van-semi-diepladers\/\u00bb][vc_custom_heading text=\u00bbG\u00d3NDOLAS\u00bb font_container=\u00bbtag:h3|text_align:left\u00bb][\/vc_column][\/vc_row][vc_row css=\u00bb.vc_custom_1614937134036{margin-top: 0px !important;}\u00bb el_class=\u00bbverhuur_sec\u00bb][vc_column width=\u00bb1\/3&#8243; css=\u00bb.vc_custom_1514966314470{padding-bottom: 40px !important;}\u00bb][vc_single_image image=\u00bb13534&#8243; img_size=\u00bbfull\u00bb onclick=\u00bbcustom_link\u00bb link=\u00bbhttps:\/\/ex-tra.eu\/es\/verhuur-van-diepladers\/\u00bb][vc_custom_heading text=\u00bbGOND\u00d3LAS REBAJADAS\u00bb font_container=\u00bbtag:h3|text_align:left\u00bb][\/vc_column][vc_column width=\u00bb1\/3&#8243; css=\u00bb.vc_custom_1514966321007{padding-bottom: 40px !important;}\u00bb][vc_single_image image=\u00bb13530&#8243; img_size=\u00bbfull\u00bb onclick=\u00bbcustom_link\u00bb link=\u00bbhttps:\/\/ex-tra.eu\/es\/verhuur-van-overig\/\u00bb][vc_custom_heading text=\u00bbOTRO\u00bb font_container=\u00bbtag:h3|text_align:left\u00bb][\/vc_column][vc_column width=\u00bb1\/3&#8243; css=\u00bb.vc_custom_1514966325398{padding-bottom: 40px !important;}\u00bb][vc_single_image image=\u00bb13526&#8243; img_size=\u00bbfull\u00bb onclick=\u00bbcustom_link\u00bb link=\u00bbhttps:\/\/ex-tra.eu\/es\/overzicht-van-verhuurvloot\/\u00bb][vc_custom_heading text=\u00bbRESUMEN DE LA FLOTA\u00bb font_container=\u00bbtag:h3|text_align:left\u00bb][\/vc_column][\/vc_row][vc_row full_width=\u00bbstretch_row_content_no_spaces\u00bb css=\u00bb.vc_custom_1514966364096{margin-top: 60px !important;}\u00bb][vc_column][vc_separator][\/vc_column][\/vc_row]<\/p>\n<\/div>","protected":false},"excerpt":{"rendered":"<p>[vc_row gap=\u00bb30&#8243; content_placement=\u00bbmiddle\u00bb css=\u00bb.vc_custom_1514979444160{margin-top: 50px !important;}\u00bb][vc_column][vc_column_text]EX-TRA proporciona alquiler remolques para transportes especiales por carretera en paises como Gran Breta\u00f1a, Pa\u00edses Bajos, Francia y Espa\u00f1a. La flota de alquiler de ex-tra se compone de la plataformas, platagond\u00f3las, gond\u00f3las, gond\u00f3las rebajadas y&#8230;<\/p>\n","protected":false},"author":1,"featured_media":0,"parent":0,"menu_order":0,"comment_status":"closed","ping_status":"closed","template":"","meta":{"_acf_changed":false,"_monsterinsights_skip_tracking":false,"_monsterinsights_sitenote_active":false,"_monsterinsights_sitenote_note":"","_monsterinsights_sitenote_category":0,"footnotes":""},"class_list":["post-20916","page","type-page","status-publish","hentry"],"acf":[],"aioseo_notices":[],"_links":{"self":[{"href":"https:\/\/ex-tra.eu\/es\/wp-json\/wp\/v2\/pages\/20916","targetHints":{"allow":["GET"]}}],"collection":[{"href":"https:\/\/ex-tra.eu\/es\/wp-json\/wp\/v2\/pages"}],"about":[{"href":"https:\/\/ex-tra.eu\/es\/wp-json\/wp\/v2\/types\/page"}],"author":[{"embeddable":true,"href":"https:\/\/ex-tra.eu\/es\/wp-json\/wp\/v2\/users\/1"}],"replies":[{"embeddable":true,"href":"https:\/\/ex-tra.eu\/es\/wp-json\/wp\/v2\/comments?post=20916"}],"version-history":[{"count":16,"href":"https:\/\/ex-tra.eu\/es\/wp-json\/wp\/v2\/pages\/20916\/revisions"}],"predecessor-version":[{"id":24025,"href":"https:\/\/ex-tra.eu\/es\/wp-json\/wp\/v2\/pages\/20916\/revisions\/24025"}],"wp:attachment":[{"href":"https:\/\/ex-tra.eu\/es\/wp-json\/wp\/v2\/media?parent=20916"}],"curies":[{"name":"wp","href":"https:\/\/api.w.org\/{rel}","templated":true}]}}