{"id":20892,"date":"2020-12-31T05:11:11","date_gmt":"2020-12-31T05:11:11","guid":{"rendered":"https:\/\/ex-tra.eutrekkers\/"},"modified":"2024-06-24T17:35:47","modified_gmt":"2024-06-24T17:35:47","slug":"trekkers","status":"publish","type":"page","link":"https:\/\/ex-tra.eu\/es\/trekkers\/","title":{"rendered":"TRACTORAS"},"content":{"rendered":"<div class=\"wpb-content-wrapper\"><p>[vc_row gap=\u00bb30&#8243; content_placement=\u00bbmiddle\u00bb css=\u00bb.vc_custom_1514979444160{margin-top: 50px !important;}\u00bb][vc_column][vc_column_text]<\/p>\n<p style=\"text-align: left;\">EX-TRA puede contratar una modificaci\u00f3n de cabina, la instalaci\u00f3n de una pluma, un chasis modificada o, por ejemplo, una modificaci\u00f3n a medida especial caja de herramientas.<\/p>\n<p>Aparte de los consejos dados en la fase de ventas, EX-TRA supervisar\u00e1 toda la modificaci\u00f3n. Naturalmente, se le informar\u00e1 a lo largo del proceso de modificaci\u00f3n.<\/p>\n<p>[\/vc_column_text][vc_empty_space height=\u00bb15px\u00bb][\/vc_column][\/vc_row][vc_row css=\u00bb.vc_custom_1609399537459{margin-top: 20px !important;}\u00bb][vc_column width=\u00bb1\/3&#8243; css=\u00bb.vc_custom_1609400304079{padding-bottom: px !important;}\u00bb][vc_single_image image=\u00bb13590&#8243; img_size=\u00bbfull\u00bb onclick=\u00bbcustom_link\u00bb css=\u00bb\u00bb link=\u00bbhttps:\/\/ex-tra.eu\/es\/volvo-fh16-8&#215;4&#8243;][\/vc_column][vc_column width=\u00bb1\/3&#8243; css=\u00bb.vc_custom_1609400198597{padding-bottom: 0px !important;}\u00bb][vc_single_image image=\u00bb13594&#8243; img_size=\u00bbfull\u00bb onclick=\u00bbcustom_link\u00bb css=\u00bb\u00bb link=\u00bbhttps:\/\/ex-tra.eu\/es\/man-miller-century\u00bb][\/vc_column][vc_column width=\u00bb1\/3&#8243; css=\u00bb.vc_custom_1609400321366{padding-bottom: 0px !important;}\u00bb][vc_single_image image=\u00bb13598&#8243; img_size=\u00bbfull\u00bb onclick=\u00bbcustom_link\u00bb css=\u00bb\u00bb link=\u00bbhttps:\/\/ex-tra.eu\/es\/volvo-terberg\u00bb][\/vc_column][\/vc_row][vc_row css=\u00bb.vc_custom_1609399545424{margin-top: 0px !important;}\u00bb][vc_column width=\u00bb1\/3&#8243; css=\u00bb.vc_custom_1514966314470{padding-bottom: 40px !important;}\u00bb][vc_single_image image=\u00bb13602&#8243; img_size=\u00bbfull\u00bb onclick=\u00bbcustom_link\u00bb css=\u00bb\u00bb link=\u00bbhttps:\/\/ex-tra.eu\/es\/man-41-660-tg-a\u00bb][\/vc_column][vc_column width=\u00bb1\/3&#8243; css=\u00bb.vc_custom_1514966321007{padding-bottom: 40px !important;}\u00bb][vc_single_image image=\u00bb13606&#8243; img_size=\u00bbfull\u00bb onclick=\u00bbcustom_link\u00bb css=\u00bb\u00bb link=\u00bbhttps:\/\/ex-tra.eu\/es\/man-palfinger-72002-jige-eurotow-45c\u00bb][\/vc_column][vc_column width=\u00bb1\/3&#8243; css=\u00bb.vc_custom_1514966325398{padding-bottom: 40px !important;}\u00bb][\/vc_column][\/vc_row][vc_row full_width=\u00bbstretch_row_content_no_spaces\u00bb css=\u00bb.vc_custom_1514966364096{margin-top: 60px !important;}\u00bb][vc_column][vc_separator][\/vc_column][\/vc_row]<\/p>\n<\/div>","protected":false},"excerpt":{"rendered":"<p>[vc_row gap=\u00bb30&#8243; content_placement=\u00bbmiddle\u00bb css=\u00bb.vc_custom_1514979444160{margin-top: 50px !important;}\u00bb][vc_column][vc_column_text] EX-TRA puede contratar una modificaci\u00f3n de cabina, la instalaci\u00f3n de una pluma, un chasis modificada o, por ejemplo, una modificaci\u00f3n a medida especial caja de herramientas. Aparte de los consejos dados en la fase&#8230;<\/p>\n","protected":false},"author":1,"featured_media":0,"parent":0,"menu_order":0,"comment_status":"closed","ping_status":"closed","template":"","meta":{"_acf_changed":false,"_monsterinsights_skip_tracking":false,"_monsterinsights_sitenote_active":false,"_monsterinsights_sitenote_note":"","_monsterinsights_sitenote_category":0,"footnotes":""},"class_list":["post-20892","page","type-page","status-publish","hentry"],"acf":[],"aioseo_notices":[],"_links":{"self":[{"href":"https:\/\/ex-tra.eu\/es\/wp-json\/wp\/v2\/pages\/20892","targetHints":{"allow":["GET"]}}],"collection":[{"href":"https:\/\/ex-tra.eu\/es\/wp-json\/wp\/v2\/pages"}],"about":[{"href":"https:\/\/ex-tra.eu\/es\/wp-json\/wp\/v2\/types\/page"}],"author":[{"embeddable":true,"href":"https:\/\/ex-tra.eu\/es\/wp-json\/wp\/v2\/users\/1"}],"replies":[{"embeddable":true,"href":"https:\/\/ex-tra.eu\/es\/wp-json\/wp\/v2\/comments?post=20892"}],"version-history":[{"count":5,"href":"https:\/\/ex-tra.eu\/es\/wp-json\/wp\/v2\/pages\/20892\/revisions"}],"predecessor-version":[{"id":27149,"href":"https:\/\/ex-tra.eu\/es\/wp-json\/wp\/v2\/pages\/20892\/revisions\/27149"}],"wp:attachment":[{"href":"https:\/\/ex-tra.eu\/es\/wp-json\/wp\/v2\/media?parent=20892"}],"curies":[{"name":"wp","href":"https:\/\/api.w.org\/{rel}","templated":true}]}}