{"id":20872,"date":"2020-12-31T05:10:52","date_gmt":"2020-12-31T05:10:52","guid":{"rendered":"https:\/\/ex-tra.eutrailers\/"},"modified":"2024-06-24T17:32:32","modified_gmt":"2024-06-24T17:32:32","slug":"trailers","status":"publish","type":"page","link":"https:\/\/ex-tra.eu\/es\/trailers\/","title":{"rendered":"REMOLQUES"},"content":{"rendered":"<div class=\"wpb-content-wrapper\"><p>[vc_row gap=\u00bb30&#8243; content_placement=\u00bbmiddle\u00bb css=\u00bb.vc_custom_1514979444160{margin-top: 50px !important;}\u00bb][vc_column][vc_column_text]<\/p>\n<p style=\"text-align: left;\">EX-TRA tiene franjas horarias de producci\u00f3n con los principales fabricantes de veh\u00edculos de transporte especial.<br \/>\nEntre sus productos puede encontrar, desde contenedores con chasis divisible, hasta remolques triple extensibles.<\/p>\n<p style=\"text-align: left;\">Si la gama de remolques est\u00e1ndar no se ajusta a sus necesidades, EX-TRA tambi\u00e9n puede ofrecer remolques fabricados seg\u00fan sus especificaciones exactas.<\/p>\n<p style=\"text-align: left;\">EX-TRA tambi\u00e9n suministra los sistemas modulares Goldhofer para el sector de transporte pesado. Usted estar\u00e1 en la direcci\u00f3n correcta con ex-tra!<\/p>\n<p style=\"text-align: left;\">Sus ventajas:<\/p>\n<ul>\n<li>Plazos de entrega cortos para veh\u00edculos est\u00e1ndar<\/li>\n<li>Especificaciones totalmente a la medida<\/li>\n<li>Soluciones de transporte con una capacidad de carga hasta 10.000T<\/li>\n<\/ul>\n<p>[\/vc_column_text][vc_empty_space height=\u00bb15px\u00bb][\/vc_column][\/vc_row][vc_row css=\u00bb.vc_custom_1609399537459{margin-top: 20px !important;}\u00bb][vc_column width=\u00bb1\/3&#8243; css=\u00bb.vc_custom_1609400304079{padding-bottom: px !important;}\u00bb][vc_single_image image=\u00bb20370&#8243; img_size=\u00bbfull\u00bb onclick=\u00bbcustom_link\u00bb css=\u00bb\u00bb link=\u00bbhttps:\/\/ex-tra.eu\/es\/ex-centric-2&#8243;][\/vc_column][vc_column width=\u00bb1\/3&#8243; css=\u00bb.vc_custom_1609400198597{padding-bottom: 0px !important;}\u00bb][vc_single_image image=\u00bb20350&#8243; img_size=\u00bbfull\u00bb onclick=\u00bbcustom_link\u00bb css=\u00bb\u00bb link=\u00bbhttps:\/\/ex-tra.eu\/es\/paitier\u00bb][\/vc_column][vc_column width=\u00bb1\/3&#8243; css=\u00bb.vc_custom_1609400321366{padding-bottom: 0px !important;}\u00bb][vc_single_image image=\u00bb20366&#8243; img_size=\u00bbfull\u00bb onclick=\u00bbcustom_link\u00bb css=\u00bb\u00bb link=\u00bbhttps:\/\/ex-tra.eu\/es\/ex-centric\u00bb][\/vc_column][\/vc_row][vc_row css=\u00bb.vc_custom_1609399537459{margin-top: 20px !important;}\u00bb][vc_column width=\u00bb1\/3&#8243; css=\u00bb.vc_custom_1609400304079{padding-bottom: px !important;}\u00bb][vc_single_image image=\u00bb20362&#8243; img_size=\u00bbfull\u00bb onclick=\u00bbcustom_link\u00bb css=\u00bb\u00bb link=\u00bbhttps:\/\/ex-tra.eu\/es\/ex-centric-3&#8243;][\/vc_column][vc_column width=\u00bb1\/3&#8243; css=\u00bb.vc_custom_1609400321366{padding-bottom: 0px !important;}\u00bb][vc_single_image image=\u00bb26698&#8243; img_size=\u00bbfull\u00bb onclick=\u00bbcustom_link\u00bb css=\u00bb\u00bb link=\u00bbhttps:\/\/ex-tra.eu\/es\/ex-tract\u00bb][\/vc_column][vc_column width=\u00bb1\/3&#8243; css=\u00bb.vc_custom_1609400321366{padding-bottom: 0px !important;}\u00bb][vc_single_image image=\u00bb20374&#8243; img_size=\u00bbfull\u00bb onclick=\u00bbcustom_link\u00bb css=\u00bb\u00bb link=\u00bbhttps:\/\/ex-tra.eu\/es\/ex-train-2&#8243;][\/vc_column][\/vc_row]<\/p>\n<\/div>","protected":false},"excerpt":{"rendered":"<p>[vc_row gap=\u00bb30&#8243; content_placement=\u00bbmiddle\u00bb css=\u00bb.vc_custom_1514979444160{margin-top: 50px !important;}\u00bb][vc_column][vc_column_text] EX-TRA tiene franjas horarias de producci\u00f3n con los principales fabricantes de veh\u00edculos de transporte especial. Entre sus productos puede encontrar, desde contenedores con chasis divisible, hasta remolques triple extensibles. Si la gama de remolques&#8230;<\/p>\n","protected":false},"author":1,"featured_media":0,"parent":0,"menu_order":0,"comment_status":"closed","ping_status":"closed","template":"","meta":{"_acf_changed":false,"_monsterinsights_skip_tracking":false,"_monsterinsights_sitenote_active":false,"_monsterinsights_sitenote_note":"","_monsterinsights_sitenote_category":0,"footnotes":""},"class_list":["post-20872","page","type-page","status-publish","hentry"],"acf":[],"aioseo_notices":[],"_links":{"self":[{"href":"https:\/\/ex-tra.eu\/es\/wp-json\/wp\/v2\/pages\/20872","targetHints":{"allow":["GET"]}}],"collection":[{"href":"https:\/\/ex-tra.eu\/es\/wp-json\/wp\/v2\/pages"}],"about":[{"href":"https:\/\/ex-tra.eu\/es\/wp-json\/wp\/v2\/types\/page"}],"author":[{"embeddable":true,"href":"https:\/\/ex-tra.eu\/es\/wp-json\/wp\/v2\/users\/1"}],"replies":[{"embeddable":true,"href":"https:\/\/ex-tra.eu\/es\/wp-json\/wp\/v2\/comments?post=20872"}],"version-history":[{"count":15,"href":"https:\/\/ex-tra.eu\/es\/wp-json\/wp\/v2\/pages\/20872\/revisions"}],"predecessor-version":[{"id":27148,"href":"https:\/\/ex-tra.eu\/es\/wp-json\/wp\/v2\/pages\/20872\/revisions\/27148"}],"wp:attachment":[{"href":"https:\/\/ex-tra.eu\/es\/wp-json\/wp\/v2\/media?parent=20872"}],"curies":[{"name":"wp","href":"https:\/\/api.w.org\/{rel}","templated":true}]}}