{"id":20713,"date":"2020-12-31T05:11:49","date_gmt":"2020-12-31T05:11:49","guid":{"rendered":"https:\/\/ex-tra.eugezocht\/"},"modified":"2024-01-25T13:15:52","modified_gmt":"2024-01-25T13:15:52","slug":"gezocht","status":"publish","type":"page","link":"https:\/\/ex-tra.eu\/es\/gezocht\/","title":{"rendered":"Se Busca"},"content":{"rendered":"<div class=\"wpb-content-wrapper\"><p>[vc_row gap=\u00bb30&#8243; content_placement=\u00bbmiddle\u00bb css=\u00bb.vc_custom_1514979444160{margin-top: 50px !important;}\u00bb][vc_column width=\u00bb2\/3&#8243;][vc_column_text]EX-TRA est\u00e1 buscando veh\u00edculos espec\u00edficos, como se representa en el diagrama opuesto.<br \/>\nEncontrar\u00e1 m\u00e1s detalles en cuanto a la especificaci\u00f3n requerida seleccionando en el veh\u00edculo particular.<\/p>\n<p>Si usted tiene un remolque que cumpla con la especificaci\u00f3n requerida (o muy cerca de ella) que desea vender, entonces por favor complete y env\u00ede el formulario de contacto.[\/vc_column_text][vc_empty_space height=\u00bb15px\u00bb][\/vc_column][vc_column width=\u00bb1\/3&#8243;][vc_single_image image=\u00bb13610&#8243; img_size=\u00bbfull\u00bb][\/vc_column][\/vc_row][vc_row full_width=\u00bbstretch_row_content_no_spaces\u00bb css=\u00bb.vc_custom_1514966364096{margin-top: 60px !important;}\u00bb][vc_column][vc_separator][\/vc_column][\/vc_row][vc_row css=\u00bb.vc_custom_1616056545148{margin-top: 60px !important;}\u00bb el_class=\u00bbmeer-info-button\u00bb][vc_column css=\u00bb.vc_custom_1514966314470{padding-bottom: 40px !important;}\u00bb]<h5 class='heading-content  style-1' ><span>3 ejes, dir. hidr\u00e1ulica, simple extensible<\/span><\/h5>[vc_column_text]Broshuis\/Nooteboom[\/vc_column_text][vc_empty_space height=\u00bb10px\u00bb]<a target=\"_self\" href=\"3-axles-steering-single-extension-platform\" class=\"btn btn-sm style-4\" id=\"custom-id-0\" style=\"\">M\u00e1s informaci\u00f3n<\/a>[vc_single_image image=\u00bb13614&#8243; img_size=\u00bbfull\u00bb][vc_empty_space height=\u00bb10px\u00bb][\/vc_column][\/vc_row][vc_row css=\u00bb.vc_custom_1616056560250{margin-top: 60px !important;}\u00bb el_class=\u00bbmeer-info-button\u00bb][vc_column css=\u00bb.vc_custom_1514966314470{padding-bottom: 40px !important;}\u00bb]<h5 class='heading-content  style-1' ><span>doble extensible, 3 ejes<\/span><\/h5>[vc_column_text]Broshuis\/Doll\/Faymonville\/Nooteboom[\/vc_column_text][vc_empty_space height=\u00bb10px\u00bb]<a target=\"_self\" href=\"3-axle-double-extendible-platform-trailer\" class=\"btn btn-sm style-4\" id=\"custom-id-1\" style=\"\">M\u00e1s informaci\u00f3n<\/a>[vc_single_image image=\u00bb20142&#8243; img_size=\u00bbfull\u00bb][vc_empty_space height=\u00bb10px\u00bb][\/vc_column][\/vc_row][vc_row css=\u00bb.vc_custom_1616056569993{margin-top: 60px !important;}\u00bb el_class=\u00bbmeer-info-button\u00bb][vc_column css=\u00bb.vc_custom_1514966314470{padding-bottom: 40px !important;}\u00bb]<h5 class='heading-content  style-1' ><span>4 ejes, triple extensible (min 48m)<\/span><\/h5>[vc_column_text]Broshuis\/Doll\/Faymonville\/Nooteboom[\/vc_column_text][vc_empty_space height=\u00bb10px\u00bb]<a target=\"_self\" href=\"4-axle-triple-extendible-platform-trailer\" class=\"btn btn-sm style-4\" id=\"custom-id-2\" style=\"\">M\u00e1s informaci\u00f3n<\/a>[vc_single_image image=\u00bb20146&#8243; img_size=\u00bbfull\u00bb][vc_empty_space height=\u00bb10px\u00bb][\/vc_column][\/vc_row][vc_row css=\u00bb.vc_custom_1616056579668{margin-top: 60px !important;}\u00bb el_class=\u00bbmeer-info-button\u00bb][vc_column css=\u00bb.vc_custom_1514966314470{padding-bottom: 40px !important;}\u00bb]<h5 class='heading-content  style-1' ><span>3 ejes, 1 auto-direccional, simple extensible<\/span><\/h5>[vc_column_text]Broshuis\/Nooteboom[\/vc_column_text][vc_empty_space height=\u00bb10px\u00bb]<a target=\"_self\" href=\"3-axle-1-self-tracking-extendible-step-frame\" class=\"btn btn-sm style-4\" id=\"custom-id-3\" style=\"\">M\u00e1s informaci\u00f3n<\/a>[vc_single_image image=\u00bb20150&#8243; img_size=\u00bbfull\u00bb][vc_empty_space height=\u00bb10px\u00bb][\/vc_column][\/vc_row][vc_row css=\u00bb.vc_custom_1616056589779{margin-top: 60px !important;}\u00bb el_class=\u00bbmeer-info-button\u00bb][vc_column css=\u00bb.vc_custom_1514966314470{padding-bottom: 40px !important;}\u00bb]<h5 class='heading-content  style-1' ><span>4 ejes, 2 auto-direccional, simple extensible<\/span><\/h5>[vc_column_text]Broshuis\/Nooteboom[\/vc_column_text][vc_empty_space height=\u00bb10px\u00bb]<a target=\"_self\" href=\"4-axle-2-self-tracking-extendible-step-frame\" class=\"btn btn-sm style-4\" id=\"custom-id-4\" style=\"\">M\u00e1s informaci\u00f3n<\/a>[vc_single_image image=\u00bb20154&#8243; img_size=\u00bbfull\u00bb][vc_empty_space height=\u00bb10px\u00bb][\/vc_column][\/vc_row][vc_row css=\u00bb.vc_custom_1616056598781{margin-top: 60px !important;}\u00bb el_class=\u00bbmeer-info-button\u00bb][vc_column css=\u00bb.vc_custom_1514966314470{padding-bottom: 40px !important;}\u00bb]<h5 class='heading-content  style-1' ><span>6 ejes, doble extensible<\/span><\/h5>[vc_column_text]Broshuis\/Doll\/Faymonville\/Goldhofer\/Nooteboom[\/vc_column_text][vc_empty_space height=\u00bb10px\u00bb]<a target=\"_self\" href=\"6-axle-double-extendible-step-frame-2\" class=\"btn btn-sm style-4\" id=\"custom-id-5\" style=\"\">M\u00e1s informaci\u00f3n<\/a>[vc_single_image image=\u00bb20158&#8243; img_size=\u00bbfull\u00bb][vc_empty_space height=\u00bb10px\u00bb][\/vc_column][\/vc_row][vc_row css=\u00bb.vc_custom_1616056606433{margin-top: 60px !important;}\u00bb el_class=\u00bbmeer-info-button\u00bb][vc_column css=\u00bb.vc_custom_1514966314470{padding-bottom: 40px !important;}\u00bb]<h5 class='heading-content  style-1' ><span>3 ejes, doble extensible, cuello desmontable<\/span><\/h5>[vc_column_text]Broshuis[\/vc_column_text][vc_empty_space height=\u00bb10px\u00bb]<a target=\"_self\" href=\"2-axle-single-extendible-detachable-neck\" class=\"btn btn-sm style-4\" id=\"custom-id-6\" style=\"\">M\u00e1s informaci\u00f3n<\/a>[vc_single_image image=\u00bb20162&#8243; img_size=\u00bbfull\u00bb][vc_empty_space height=\u00bb10px\u00bb][\/vc_column][\/vc_row][vc_row full_width=\u00bbstretch_row_content_no_spaces\u00bb css=\u00bb.vc_custom_1514966364096{margin-top: 60px !important;}\u00bb][vc_column][vc_separator][\/vc_column][\/vc_row]<\/p>\n<\/div>","protected":false},"excerpt":{"rendered":"<p>[vc_row gap=\u00bb30&#8243; content_placement=\u00bbmiddle\u00bb css=\u00bb.vc_custom_1514979444160{margin-top: 50px !important;}\u00bb][vc_column width=\u00bb2\/3&#8243;][vc_column_text]EX-TRA est\u00e1 buscando veh\u00edculos espec\u00edficos, como se representa en el diagrama opuesto. Encontrar\u00e1 m\u00e1s detalles en cuanto a la especificaci\u00f3n requerida seleccionando en el veh\u00edculo particular. Si usted tiene un remolque que cumpla con&#8230;<\/p>\n","protected":false},"author":1,"featured_media":0,"parent":0,"menu_order":0,"comment_status":"closed","ping_status":"closed","template":"","meta":{"_acf_changed":false,"_monsterinsights_skip_tracking":false,"_monsterinsights_sitenote_active":false,"_monsterinsights_sitenote_note":"","_monsterinsights_sitenote_category":0,"footnotes":""},"class_list":["post-20713","page","type-page","status-publish","hentry"],"acf":[],"aioseo_notices":[],"_links":{"self":[{"href":"https:\/\/ex-tra.eu\/es\/wp-json\/wp\/v2\/pages\/20713","targetHints":{"allow":["GET"]}}],"collection":[{"href":"https:\/\/ex-tra.eu\/es\/wp-json\/wp\/v2\/pages"}],"about":[{"href":"https:\/\/ex-tra.eu\/es\/wp-json\/wp\/v2\/types\/page"}],"author":[{"embeddable":true,"href":"https:\/\/ex-tra.eu\/es\/wp-json\/wp\/v2\/users\/1"}],"replies":[{"embeddable":true,"href":"https:\/\/ex-tra.eu\/es\/wp-json\/wp\/v2\/comments?post=20713"}],"version-history":[{"count":8,"href":"https:\/\/ex-tra.eu\/es\/wp-json\/wp\/v2\/pages\/20713\/revisions"}],"predecessor-version":[{"id":26692,"href":"https:\/\/ex-tra.eu\/es\/wp-json\/wp\/v2\/pages\/20713\/revisions\/26692"}],"wp:attachment":[{"href":"https:\/\/ex-tra.eu\/es\/wp-json\/wp\/v2\/media?parent=20713"}],"curies":[{"name":"wp","href":"https:\/\/api.w.org\/{rel}","templated":true}]}}