{"id":20601,"date":"2014-11-11T11:09:47","date_gmt":"2014-11-11T11:09:47","guid":{"rendered":"https:\/\/ex-tra.euhome\/"},"modified":"2021-04-12T12:04:06","modified_gmt":"2021-04-12T12:04:06","slug":"home","status":"publish","type":"page","link":"https:\/\/ex-tra.eu\/es\/","title":{"rendered":"Home"},"content":{"rendered":"<div class=\"wpb-content-wrapper\"><p>[vc_row full_width=\u00bbstretch_row\u00bb disable_element=\u00bbyes\u00bb has_content=\u00bbtrue\u00bb][vc_column][rev_slider_vc alias=\u00bbfull_screen\u00bb][\/vc_column][\/vc_row][vc_row full_width=\u00bbstretch_row\u00bb gap=\u00bb30&#8243; css=\u00bb.vc_custom_1612175150182{background-color: #e10707 !important;background-position: center !important;background-repeat: no-repeat !important;background-size: cover !important;}\u00bb el_class=\u00bbon-top\u00bb][vc_column width=\u00bb1\/3&#8243; css=\u00bb.vc_custom_1609518314990{border-radius: 2px !important;}\u00bb]<div class=\"icon style-2 icon-left\">\n            <span>\n                <i class=\"fas fa-map-marker-alt\" style='color: #ffffff;'><\/i>\n                <h2 style='color: #ffffff;'><\/h2>\n                <h3 class=\"style-2\" style='color: #ffffff;'>Dr. Frederik van Eedenweg 23 | 1401 GC Bussum | Los paises bajos<\/h3>\n            <\/span>\n            <p> <\/p>\n    <\/div>[\/vc_column][vc_column width=\u00bb1\/3&#8243;]<div class=\"icon style-2 icon-left\">\n            <span>\n                <i class=\"fas fa-phone\" style='color: #ffffff;'><\/i>\n                <h2 style='color: #ffffff;'><\/h2>\n                <h3 class=\"style-2\" style='color: #ffffff;'>+31 6 208 128 77<\/h3>\n            <\/span>\n            <p> <\/p>\n    <\/div>[\/vc_column][vc_column width=\u00bb1\/3&#8243;]<div class=\"icon style-2 icon-left\">\n             <a href=\"mailto:info@ex-tra.eu\" target=\"_self\">\n                <i class=\"fas fa-at\" style='color: #ffffff;'><\/i>\n                <h2 style='color: #ffffff;'><\/h2>\n                <h3 class=\"style-2\" style='color: #ffffff;'>info@ex-tra.eu<\/h3>\n            <\/a>\n            <p> <\/p>\n    <\/div>[\/vc_column][\/vc_row][vc_row full_width=\u00bbstretch_row\u00bb css=\u00bb.vc_custom_1612175083761{margin-top: 0px !important;padding-top: 100px !important;padding-bottom: 130px !important;background-image: url(https:\/\/ex-tra.eu\/wp-content\/uploads\/2021\/02\/image_truck_5.jpg?id=9645) !important;background-position: center !important;background-repeat: no-repeat !important;background-size: cover !important;}\u00bb][vc_column width=\u00bb1\/2&#8243;][vc_single_image image=\u00bb19926&#8243; img_size=\u00bbmedium\u00bb][vc_empty_space height=\u00bb25px\u00bb][vc_column_text]EX-TRA.RENTAL proporciona alquiler remolques para transportes especiales por carretera en paises como Gran Breta\u00f1a, Pa\u00edses Bajos, Francia y Espa\u00f1a. La flota de alquiler de ex-tra se compone de la plataformas, platagondolas, gondolas, gondolas rebajadas y otros remolques especiales.<\/p>\n<p>Todos los remolques est\u00e1n disponibles para alquileres de corto y largo plazo y tambi\u00e9n alquiler con opci\u00f3n de compra con t\u00e9rminos y condiciones ventajosos.[\/vc_column_text][vc_empty_space height=\u00bb35px\u00bb]<a target=\"_self\" href=\"https:\/\/ex-tra.eu\/es\/verhuur\/\" class=\"btn btn-md style-1\" id=\"custom-id-0\" style=\"\">Ver nuestra flota<\/a>[\/vc_column][\/vc_row][vc_row css=\u00bb.vc_custom_1609774282007{margin-top: 60px !important;margin-bottom: 60px !important;background-position: center !important;background-repeat: no-repeat !important;background-size: contain !important;}\u00bb el_class=\u00bbmobile-bg-off\u00bb][vc_column][vc_custom_heading text=\u00bb<b>NUESTROS SERVICIOS<\/b>\u00bb font_container=\u00bbtag:h3|font_size:32|text_align:center|color:%23727272&#8243; use_theme_fonts=\u00bbyes\u00bb css=\u00bb.vc_custom_1616154553664{margin-bottom: 0px !important;}\u00bb][vc_custom_heading text=\u00bbLa soluci\u00f3n <b>completa<\/b> para su transporte especial\u00bb font_container=\u00bbtag:h3|text_align:center\u00bb use_theme_fonts=\u00bbyes\u00bb css=\u00bb.vc_custom_1616155072541{margin-top: 0px !important;margin-bottom: 0px !important;}\u00bb][vc_row_inner css=\u00bb.vc_custom_1614920853730{margin-top: 50px !important;margin-bottom: 50px !important;}\u00bb el_class=\u00bbsame-height\u00bb][vc_column_inner el_class=\u00bb.centerIt\u00bb width=\u00bb1\/2&#8243;][vc_custom_heading text=\u00bbEX-CEPTIONAL TRANSPORT\u00bb font_container=\u00bbtag:h4|text_align:center\u00bb use_theme_fonts=\u00bbyes\u00bb][vc_empty_space height=\u00bb15px\u00bb][vc_column_text]<\/p>\n<p style=\"text-align: center;\">Podemos organizar su transporte especial para usted con un <em><strong>especialista de confianza<\/strong><\/em>, tambi\u00e9n a nivel internacional.<\/p>\n<p>[\/vc_column_text][vc_empty_space height=\u00bb15px\u00bb]<a target=\"_self\" href=\"https:\/\/ex-tra.eu\/es\/transport\/\" class=\"btn btn-sm style-1\" id=\"custom-id-1\" style=\"\">M\u00e1s informaci\u00f3n<\/a>[vc_empty_space height=\u00bb15px\u00bb][\/vc_column_inner][vc_column_inner el_class=\u00bb.centerIt\u00bb width=\u00bb1\/2&#8243;][vc_custom_heading text=\u00bbEX-PLORE\u00bb font_container=\u00bbtag:h4|text_align:center\u00bb use_theme_fonts=\u00bbyes\u00bb][vc_empty_space height=\u00bb15px\u00bb][vc_column_text]<\/p>\n<p style=\"text-align: center;\">Proporcionamos <em><strong>estudios detallados de rutas digitales <\/strong><\/em>basados \u200b\u200ben Google Satellite.<\/p>\n<p>[\/vc_column_text][vc_empty_space height=\u00bb15px\u00bb]<a target=\"_self\" href=\"https:\/\/ex-tra.eu\/es\/ex-plore\" class=\"btn btn-sm style-1\" id=\"custom-id-2\" style=\"\">M\u00e1s informaci\u00f3n<\/a>[vc_empty_space height=\u00bb15px\u00bb][\/vc_column_inner][\/vc_row_inner][vc_row_inner disable_element=\u00bbyes\u00bb css=\u00bb.vc_custom_1618227266407{margin-top: 50px !important;margin-bottom: 50px !important;}\u00bb el_class=\u00bbsame-height\u00bb][vc_column_inner el_class=\u00bb.centerIt\u00bb width=\u00bb1\/3&#8243;][vc_custom_heading text=\u00bbEX-CEPTIONAL TRANSPORT\u00bb font_container=\u00bbtag:h4|text_align:center\u00bb use_theme_fonts=\u00bbyes\u00bb][vc_empty_space height=\u00bb15px\u00bb][vc_column_text]<\/p>\n<p style=\"text-align: center;\">Podemos organizar su transporte especial para usted con un <em><strong>especialista de confianza<\/strong><\/em>, tambi\u00e9n a nivel internacional.<\/p>\n<p>[\/vc_column_text][vc_empty_space height=\u00bb15px\u00bb]<a target=\"_self\" href=\"https:\/\/ex-tra.eu\/es\/transport\/\" class=\"btn btn-sm style-1\" id=\"custom-id-3\" style=\"\">M\u00e1s informaci\u00f3n<\/a>[vc_empty_space height=\u00bb15px\u00bb][\/vc_column_inner][vc_column_inner el_class=\u00bb.centerIt\u00bb width=\u00bb1\/3&#8243;][vc_custom_heading text=\u00bbEX-PLORE\u00bb font_container=\u00bbtag:h4|text_align:center\u00bb use_theme_fonts=\u00bbyes\u00bb][vc_empty_space height=\u00bb15px\u00bb][vc_column_text]<\/p>\n<p style=\"text-align: center;\">Proporcionamos <em><strong>estudios detallados de rutas digitales <\/strong><\/em>basados \u200b\u200ben Google Satellite.<\/p>\n<p>[\/vc_column_text][vc_empty_space height=\u00bb15px\u00bb]<a target=\"_self\" href=\"https:\/\/ex-tra.eu\/es\/ex-plore\" class=\"btn btn-sm style-1\" id=\"custom-id-4\" style=\"\">M\u00e1s informaci\u00f3n<\/a>[vc_empty_space height=\u00bb15px\u00bb][\/vc_column_inner][vc_column_inner el_class=\u00bb.centerIt\u00bb width=\u00bb1\/3&#8243;][vc_custom_heading text=\u00bbEX-TRADUCIR\u00bb font_container=\u00bbtag:h4|text_align:center\u00bb use_theme_fonts=\u00bbyes\u00bb][vc_empty_space height=\u00bb15px\u00bb][vc_column_text]<\/p>\n<p style=\"text-align: center;\">Podemos <em><strong>traducir r\u00e1pidamente<\/strong><\/em> los documentos de su veh\u00edculo holand\u00e9s al espa\u00f1ol.<\/p>\n<p>[\/vc_column_text][vc_empty_space height=\u00bb15px\u00bb]<a target=\"_self\" href=\"https:\/\/ex-tra.eu\/es\/vertalingen\" class=\"btn btn-sm style-1\" id=\"custom-id-5\" style=\"\">M\u00e1s informaci\u00f3n<\/a>[vc_empty_space height=\u00bb15px\u00bb][\/vc_column_inner][\/vc_row_inner][\/vc_column][\/vc_row][vc_row full_width=\u00bbstretch_row\u00bb css=\u00bb.vc_custom_1614001652005{margin-bottom: 0px !important;background-color: #e2e2e2 !important;}\u00bb][vc_column][vc_custom_heading text=\u00bb<b>OFERTA DE VENTA<\/b>\u00bb font_container=\u00bbtag:h3|font_size:32px|text_align:center\u00bb use_theme_fonts=\u00bbyes\u00bb][vc_empty_space height=\u00bb30px\u00bb][\/vc_column][\/vc_row][vc_row full_width=\u00bbstretch_row\u00bb css=\u00bb.vc_custom_1614001050112{padding-bottom: 30px !important;background-color: #e2e2e2 !important;}\u00bb][vc_column width=\u00bb1\/3&#8243;][vc_single_image image=\u00bb18498&#8243; img_size=\u00bbfull\u00bb css=\u00bb.vc_custom_1612186282225{padding-top: 15px !important;}\u00bb][\/vc_column][vc_column width=\u00bb1\/3&#8243; el_class=\u00bbcenter_it\u00bb][vc_custom_heading text=\u00bbEX-CEPTIONAL VENTA\u00bb font_container=\u00bbtag:h3|font_size:22px|text_align:center\u00bb use_theme_fonts=\u00bbyes\u00bb][vc_column_text]EX-TRA es uno de los proveedores m\u00e1s importantes de Europa de <em><strong>veh\u00edculos de transporte especiales usados<\/strong><\/em>.[\/vc_column_text][vc_empty_space height=\u00bb30px\u00bb]<a target=\"_self\" href=\"https:\/\/ex-tra.eu\/es\/verkoop\/\" class=\"btn btn-sm style-1\" id=\"custom-id-6\" style=\"color: #e2e2e2;\">M\u00e1s informaci\u00f3n<\/a>[\/vc_column][vc_column width=\u00bb1\/3&#8243;][vc_single_image image=\u00bb13602&#8243; img_size=\u00bbfull\u00bb css=\u00bb.vc_custom_1610128765758{padding-top: 15px !important;}\u00bb][\/vc_column][\/vc_row][vc_row full_width=\u00bbstretch_row\u00bb css=\u00bb.vc_custom_1614001777308{padding-bottom: 50px !important;background-color: #e2e2e2 !important;}\u00bb el_class=\u00bbhomeNews\u00bb][vc_column][vc_row_inner css=\u00bb.vc_custom_1614001662015{background-color: #e2e2e2 !important;}\u00bb][vc_column_inner el_class=\u00bbcenter_it\u00bb width=\u00bb1\/3&#8243;][vc_custom_heading text=\u00bbREMOLQUES\u00bb font_container=\u00bbtag:h3|font_size:22px|text_align:center\u00bb use_theme_fonts=\u00bbyes\u00bb][vc_column_text]EX-TRA dise\u00f1a <strong><em>remolques totalmente personalizados<\/em><\/strong>, adaptados a sus necesidades espec\u00edficas de transporte.[\/vc_column_text][vc_empty_space height=\u00bb30px\u00bb]<a target=\"_self\" href=\"https:\/\/ex-tra.eu\/es\/trailers\" class=\"btn btn-sm style-1\" id=\"custom-id-7\" style=\"color: #e2e2e2;\">M\u00e1s informaci\u00f3n<\/a>[\/vc_column_inner][vc_column_inner el_class=\u00bbcenter_it\u00bb width=\u00bb1\/3&#8243;][vc_single_image image=\u00bb18134&#8243; img_size=\u00bbfull\u00bb css=\u00bb.vc_custom_1612186025721{padding-top: 15px !important;}\u00bb][\/vc_column_inner][vc_column_inner el_class=\u00bbcenter_it\u00bb width=\u00bb1\/3&#8243;][vc_custom_heading text=\u00bbTRACTORAS\u00bb font_container=\u00bbtag:h2|font_size:22px|text_align:center\u00bb use_theme_fonts=\u00bbyes\u00bb][vc_column_text]Tambi\u00e9n puede comunicarse con EX-TRA para <em><strong>modificaciones a su veh\u00edculo de remolque<\/strong><\/em>.[\/vc_column_text][vc_empty_space height=\u00bb30px\u00bb]<a target=\"_self\" href=\"https:\/\/ex-tra.eu\/es\/trekkers\" class=\"btn btn-sm style-1\" id=\"custom-id-8\" style=\"color: #e2e2e2;\">M\u00e1s informaci\u00f3n<\/a>[\/vc_column_inner][\/vc_row_inner][\/vc_column][\/vc_row][vc_row el_class=\u00bbcz-iiner-setting\u00bb][vc_column][vc_row_inner css=\u00bb.vc_custom_1614055905265{background-color: #ffffff !important;}\u00bb el_class=\u00bbcz-wijdoen\u00bb][vc_column_inner][vc_custom_heading text=\u00bb\u00a1HACEMOS TODO PARA COMENZAR!\u00bb font_container=\u00bbtag:h3|font_size:32px|text_align:center\u00bb use_theme_fonts=\u00bbyes\u00bb][vc_empty_space height=\u00bb10px\u00bb][vc_column_text]\u00bfC\u00f3mo podemos estar al servicio de usted?[\/vc_column_text][vc_empty_space height=\u00bb30px\u00bb]<a target=\"_self\" href=\"https:\/\/ex-tra.eu\/es\/contact\/\" class=\"btn btn-lg style-1\" id=\"custom-id-9\" style=\"\">Contacto<\/a>[vc_empty_space height=\u00bb30px\u00bb][\/vc_column_inner][\/vc_row_inner][\/vc_column][\/vc_row][vc_row el_class=\u00bbcz-news-home\u00bb][vc_column][vc_custom_heading text=\u00bb<b>LAS ULTIMAS NOTICIAS<\/b>\u00bb font_container=\u00bbtag:h3|font_size:32px|text_align:center\u00bb use_theme_fonts=\u00bbyes\u00bb][vc_empty_space height=\u00bb30px\u00bb][vc_basic_grid post_type=\u00bbpost\u00bb max_items=\u00bb4&#8243; element_width=\u00bb3&#8243; grid_id=\u00bbvc_gid:1618227255298-ac9e0aa1-a388-6&#8243; taxonomies=\u00bb70&#8243; el_class=\u00bbnews_btn\u00bb][vc_empty_space height=\u00bb10px\u00bb][\/vc_column][\/vc_row]<\/p>\n<\/div>","protected":false},"excerpt":{"rendered":"<p>[vc_row full_width=\u00bbstretch_row\u00bb disable_element=\u00bbyes\u00bb has_content=\u00bbtrue\u00bb][vc_column][rev_slider_vc alias=\u00bbfull_screen\u00bb][\/vc_column][\/vc_row][vc_row full_width=\u00bbstretch_row\u00bb gap=\u00bb30&#8243; css=\u00bb.vc_custom_1612175150182{background-color: #e10707 !important;background-position: center !important;background-repeat: no-repeat !important;background-size: cover !important;}\u00bb el_class=\u00bbon-top\u00bb][vc_column width=\u00bb1\/3&#8243; css=\u00bb.vc_custom_1609518314990{border-radius: 2px !important;}\u00bb][\/vc_column][vc_column width=\u00bb1\/3&#8243;][\/vc_column][vc_column width=\u00bb1\/3&#8243;][\/vc_column][\/vc_row][vc_row full_width=\u00bbstretch_row\u00bb css=\u00bb.vc_custom_1612175083761{margin-top: 0px !important;padding-top: 100px !important;padding-bottom: 130px !important;background-image: url(https:\/\/ex-tra.eu\/wp-content\/uploads\/2021\/02\/image_truck_5.jpg?id=9645) !important;background-position: center !important;background-repeat: no-repeat !important;background-size: cover !important;}\u00bb][vc_column width=\u00bb1\/2&#8243;][vc_single_image&#8230;<\/p>\n","protected":false},"author":2,"featured_media":0,"parent":0,"menu_order":0,"comment_status":"open","ping_status":"open","template":"","meta":{"_acf_changed":false,"_monsterinsights_skip_tracking":false,"_monsterinsights_sitenote_active":false,"_monsterinsights_sitenote_note":"","_monsterinsights_sitenote_category":0,"footnotes":""},"class_list":["post-20601","page","type-page","status-publish","hentry"],"acf":[],"aioseo_notices":[],"_links":{"self":[{"href":"https:\/\/ex-tra.eu\/es\/wp-json\/wp\/v2\/pages\/20601","targetHints":{"allow":["GET"]}}],"collection":[{"href":"https:\/\/ex-tra.eu\/es\/wp-json\/wp\/v2\/pages"}],"about":[{"href":"https:\/\/ex-tra.eu\/es\/wp-json\/wp\/v2\/types\/page"}],"author":[{"embeddable":true,"href":"https:\/\/ex-tra.eu\/es\/wp-json\/wp\/v2\/users\/2"}],"replies":[{"embeddable":true,"href":"https:\/\/ex-tra.eu\/es\/wp-json\/wp\/v2\/comments?post=20601"}],"version-history":[{"count":18,"href":"https:\/\/ex-tra.eu\/es\/wp-json\/wp\/v2\/pages\/20601\/revisions"}],"predecessor-version":[{"id":24000,"href":"https:\/\/ex-tra.eu\/es\/wp-json\/wp\/v2\/pages\/20601\/revisions\/24000"}],"wp:attachment":[{"href":"https:\/\/ex-tra.eu\/es\/wp-json\/wp\/v2\/media?parent=20601"}],"curies":[{"name":"wp","href":"https:\/\/api.w.org\/{rel}","templated":true}]}}