{"id":20979,"date":"2020-12-31T05:12:11","date_gmt":"2020-12-31T05:12:11","guid":{"rendered":"https:\/\/ex-tra.euvertalingen\/"},"modified":"2021-03-25T12:10:49","modified_gmt":"2021-03-25T12:10:49","slug":"vertalingen","status":"publish","type":"page","link":"https:\/\/ex-tra.eu\/de\/vertalingen\/","title":{"rendered":"\u00dcbersetzung"},"content":{"rendered":"<div class=\"wpb-content-wrapper\"><p>[vc_row gap=&#8220;30&#8243; content_placement=&#8220;middle&#8220; css=&#8220;.vc_custom_1514979444160{margin-top: 50px !important;}&#8220;][vc_column][vc_column_text]Derzeit k\u00f6nnen wir Ihre Transportdokumentation nur offiziell und verifiziert vom Niederl\u00e4ndischen ins Spanische \u00fcbersetzen lassen.[\/vc_column_text][vc_single_image image=&#8220;13617&#8243; img_size=&#8220;full&#8220;][vc_empty_space height=&#8220;15px&#8220;][\/vc_column][\/vc_row][vc_row][vc_column]<a target=\"_self\" href=\"https:\/\/ex-tra.eu\/de\/contact\/\" class=\"btn btn-sm style-1\" id=\"custom-id-0\" style=\"\">CONTACT<\/a>[vc_empty_space height=&#8220;35px&#8220;][\/vc_column][\/vc_row]<\/p>\n<\/div>","protected":false},"excerpt":{"rendered":"<p>[vc_row gap=&#8220;30&#8243; content_placement=&#8220;middle&#8220; css=&#8220;.vc_custom_1514979444160{margin-top: 50px !important;}&#8220;][vc_column][vc_column_text]Derzeit k\u00f6nnen wir Ihre Transportdokumentation nur offiziell und verifiziert vom Niederl\u00e4ndischen ins Spanische \u00fcbersetzen lassen.[\/vc_column_text][vc_single_image image=&#8220;13617&#8243; img_size=&#8220;full&#8220;][vc_empty_space height=&#8220;15px&#8220;][\/vc_column][\/vc_row][vc_row][vc_column][vc_empty_space height=&#8220;35px&#8220;][\/vc_column][\/vc_row]<\/p>\n","protected":false},"author":1,"featured_media":0,"parent":0,"menu_order":0,"comment_status":"closed","ping_status":"closed","template":"","meta":{"_acf_changed":false,"_monsterinsights_skip_tracking":false,"_monsterinsights_sitenote_active":false,"_monsterinsights_sitenote_note":"","_monsterinsights_sitenote_category":0,"footnotes":""},"class_list":["post-20979","page","type-page","status-publish","hentry"],"acf":[],"aioseo_notices":[],"_links":{"self":[{"href":"https:\/\/ex-tra.eu\/de\/wp-json\/wp\/v2\/pages\/20979","targetHints":{"allow":["GET"]}}],"collection":[{"href":"https:\/\/ex-tra.eu\/de\/wp-json\/wp\/v2\/pages"}],"about":[{"href":"https:\/\/ex-tra.eu\/de\/wp-json\/wp\/v2\/types\/page"}],"author":[{"embeddable":true,"href":"https:\/\/ex-tra.eu\/de\/wp-json\/wp\/v2\/users\/1"}],"replies":[{"embeddable":true,"href":"https:\/\/ex-tra.eu\/de\/wp-json\/wp\/v2\/comments?post=20979"}],"version-history":[{"count":12,"href":"https:\/\/ex-tra.eu\/de\/wp-json\/wp\/v2\/pages\/20979\/revisions"}],"predecessor-version":[{"id":23000,"href":"https:\/\/ex-tra.eu\/de\/wp-json\/wp\/v2\/pages\/20979\/revisions\/23000"}],"wp:attachment":[{"href":"https:\/\/ex-tra.eu\/de\/wp-json\/wp\/v2\/media?parent=20979"}],"curies":[{"name":"wp","href":"https:\/\/api.w.org\/{rel}","templated":true}]}}