{"id":20915,"date":"2020-12-31T05:10:20","date_gmt":"2020-12-31T05:10:20","guid":{"rendered":"https:\/\/ex-tra.euverhuur\/"},"modified":"2021-04-12T12:56:06","modified_gmt":"2021-04-12T12:56:06","slug":"verhuur","status":"publish","type":"page","link":"https:\/\/ex-tra.eu\/de\/verhuur\/","title":{"rendered":"MIETE"},"content":{"rendered":"<div class=\"wpb-content-wrapper\"><p>[vc_row gap=&#8220;30&#8243; content_placement=&#8220;middle&#8220; css=&#8220;.vc_custom_1514979444160{margin-top: 50px !important;}&#8220;][vc_column][vc_column_text]EXTRA.RENTAL vermietet Auflieger f\u00fcr Spezialtransporte von Standorten in England, den Niederlanden, Spanien und Frankreich.<br \/>\nDie Flotte besteht aus Telesattel, semi-Tieflader, Tieflader und andere spezial Auflieger.<\/p>\n<p>Die Auflieger sind f\u00fcr kurz- oder langfristige Vermietung und auch mit sp\u00e4terer Kaufoption zu vorteilhaften Bedingungen.<\/p>\n<p>Um Ihnen bei der Abholung und R\u00fcckgabe unn\u00f6tige Kilometer zu ersparen, ist die Mietflotte auf verschiedene Standorte verteilt. Die Entfernung zum Standort eines bestimmten Aufliegers wird somit f\u00fcr jeden Typ separat angegeben, sodass Sie sofort sehen k\u00f6nnen, was f\u00fcr Sie am besten ist.[\/vc_column_text][vc_empty_space height=&#8220;15px&#8220;][\/vc_column][\/vc_row][vc_row css=&#8220;.vc_custom_1614936792041{margin-top: 20px !important;}&#8220; el_class=&#8220;verhuur_sec&#8220;][vc_column width=&#8220;1\/3&#8243; css=&#8220;.vc_custom_1609400304079{padding-bottom: px !important;}&#8220;][vc_single_image image=&#8220;13545&#8243; img_size=&#8220;full&#8220; onclick=&#8220;custom_link&#8220; link=&#8220;https:\/\/ex-tra.eu\/de\/verhuur-van-vlakke-opleggers\/&#8220;][vc_custom_heading text=&#8220;TELESATTEL&#8220; font_container=&#8220;tag:h3|text_align:left&#8220;][\/vc_column][vc_column width=&#8220;1\/3&#8243; css=&#8220;.vc_custom_1609400198597{padding-bottom: 0px !important;}&#8220;][vc_single_image image=&#8220;13541&#8243; img_size=&#8220;full&#8220; onclick=&#8220;custom_link&#8220; link=&#8220;https:\/\/ex-tra.eu\/de\/verhuur-van-wing-carriers\/&#8220;][vc_custom_heading text=&#8220;WING CARRIERS&#8220; font_container=&#8220;tag:h3|text_align:left&#8220;][\/vc_column][vc_column width=&#8220;1\/3&#8243; css=&#8220;.vc_custom_1609400321366{padding-bottom: 0px !important;}&#8220;][vc_single_image image=&#8220;13537&#8243; img_size=&#8220;full&#8220; onclick=&#8220;custom_link&#8220; link=&#8220;https:\/\/ex-tra.eu\/de\/verhuur-van-semi-diepladers\/&#8220;][vc_custom_heading text=&#8220;SEMI-TIEFLADER&#8220; font_container=&#8220;tag:h3|text_align:left&#8220;][\/vc_column][\/vc_row][vc_row css=&#8220;.vc_custom_1614937134036{margin-top: 0px !important;}&#8220; el_class=&#8220;verhuur_sec&#8220;][vc_column width=&#8220;1\/3&#8243; css=&#8220;.vc_custom_1514966314470{padding-bottom: 40px !important;}&#8220;][vc_single_image image=&#8220;13533&#8243; img_size=&#8220;full&#8220; onclick=&#8220;custom_link&#8220; link=&#8220;https:\/\/ex-tra.eu\/de\/verhuur-van-diepladers\/&#8220;][vc_custom_heading text=&#8220;TIEFLADER&#8220; font_container=&#8220;tag:h3|text_align:left&#8220;][\/vc_column][vc_column width=&#8220;1\/3&#8243; css=&#8220;.vc_custom_1514966321007{padding-bottom: 40px !important;}&#8220;][vc_single_image image=&#8220;13529&#8243; img_size=&#8220;full&#8220; onclick=&#8220;custom_link&#8220; link=&#8220;https:\/\/ex-tra.eu\/de\/verhuur-van-overig\/&#8220;][vc_custom_heading text=&#8220;\u00dcBRIG&#8220; font_container=&#8220;tag:h3|text_align:left&#8220;][\/vc_column][vc_column width=&#8220;1\/3&#8243; css=&#8220;.vc_custom_1514966325398{padding-bottom: 40px !important;}&#8220;][vc_single_image image=&#8220;13525&#8243; img_size=&#8220;full&#8220; onclick=&#8220;custom_link&#8220; link=&#8220;https:\/\/ex-tra.eu\/de\/overzicht-van-verhuurvloot\/&#8220;][vc_custom_heading text=&#8220;FLOTTE \u00dcBERSICHT&#8220; font_container=&#8220;tag:h3|text_align:left&#8220;][\/vc_column][\/vc_row][vc_row full_width=&#8220;stretch_row_content_no_spaces&#8220; css=&#8220;.vc_custom_1514966364096{margin-top: 60px !important;}&#8220;][vc_column][vc_separator][\/vc_column][\/vc_row]<\/p>\n<\/div>","protected":false},"excerpt":{"rendered":"<p>[vc_row gap=&#8220;30&#8243; content_placement=&#8220;middle&#8220; css=&#8220;.vc_custom_1514979444160{margin-top: 50px !important;}&#8220;][vc_column][vc_column_text]EXTRA.RENTAL vermietet Auflieger f\u00fcr Spezialtransporte von Standorten in England, den Niederlanden, Spanien und Frankreich. Die Flotte besteht aus Telesattel, semi-Tieflader, Tieflader und andere spezial Auflieger. Die Auflieger sind f\u00fcr kurz- oder langfristige Vermietung und auch&#8230;<\/p>\n","protected":false},"author":1,"featured_media":0,"parent":0,"menu_order":0,"comment_status":"closed","ping_status":"closed","template":"","meta":{"_acf_changed":false,"_monsterinsights_skip_tracking":false,"_monsterinsights_sitenote_active":false,"_monsterinsights_sitenote_note":"","_monsterinsights_sitenote_category":0,"footnotes":""},"class_list":["post-20915","page","type-page","status-publish","hentry"],"acf":[],"aioseo_notices":[],"_links":{"self":[{"href":"https:\/\/ex-tra.eu\/de\/wp-json\/wp\/v2\/pages\/20915","targetHints":{"allow":["GET"]}}],"collection":[{"href":"https:\/\/ex-tra.eu\/de\/wp-json\/wp\/v2\/pages"}],"about":[{"href":"https:\/\/ex-tra.eu\/de\/wp-json\/wp\/v2\/types\/page"}],"author":[{"embeddable":true,"href":"https:\/\/ex-tra.eu\/de\/wp-json\/wp\/v2\/users\/1"}],"replies":[{"embeddable":true,"href":"https:\/\/ex-tra.eu\/de\/wp-json\/wp\/v2\/comments?post=20915"}],"version-history":[{"count":12,"href":"https:\/\/ex-tra.eu\/de\/wp-json\/wp\/v2\/pages\/20915\/revisions"}],"predecessor-version":[{"id":24002,"href":"https:\/\/ex-tra.eu\/de\/wp-json\/wp\/v2\/pages\/20915\/revisions\/24002"}],"wp:attachment":[{"href":"https:\/\/ex-tra.eu\/de\/wp-json\/wp\/v2\/media?parent=20915"}],"curies":[{"name":"wp","href":"https:\/\/api.w.org\/{rel}","templated":true}]}}