{"id":20891,"date":"2020-12-31T05:11:11","date_gmt":"2020-12-31T05:11:11","guid":{"rendered":"https:\/\/ex-tra.eutrekkers\/"},"modified":"2024-06-24T18:10:17","modified_gmt":"2024-06-24T18:10:17","slug":"trekkers","status":"publish","type":"page","link":"https:\/\/ex-tra.eu\/de\/trekkers\/","title":{"rendered":"LKW"},"content":{"rendered":"<div class=\"wpb-content-wrapper\"><p>[vc_row gap=&#8220;30&#8243; content_placement=&#8220;middle&#8220; css=&#8220;.vc_custom_1514979444160{margin-top: 50px !important;}&#8220;][vc_column][vc_column_text]<\/p>\n<p style=\"text-align: left;\">EX-TRA kann Fahrerhaus-Modifikationen arrangieren, Kipp-Aufbauten vorsehen, Chassis\u00e4nderungen oder die Anpassung von Werkzeug-K\u00e4sten vornehmen.<\/p>\n<p>Abgesehen von der Beratung in der Verkauf-Phase, wird ex-tra die gesamte Umbauphase \u00fcberwachen.<br \/>\nSelbstverst\u00e4ndlich werden Sie st\u00e4ndig \u00fcber die Fortschritte des Umbaues informiert.[\/vc_column_text][vc_empty_space height=&#8220;15px&#8220;][\/vc_column][\/vc_row][vc_row css=&#8220;.vc_custom_1609399537459{margin-top: 20px !important;}&#8220;][vc_column width=&#8220;1\/3&#8243; css=&#8220;.vc_custom_1609400304079{padding-bottom: px !important;}&#8220;][vc_single_image image=&#8220;13589&#8243; img_size=&#8220;full&#8220; onclick=&#8220;custom_link&#8220; css=&#8220;&#8220; link=&#8220;https:\/\/ex-tra.eu\/de\/volvo-fh16-8&#215;4&#8243;][\/vc_column][vc_column width=&#8220;1\/3&#8243; css=&#8220;.vc_custom_1609400198597{padding-bottom: 0px !important;}&#8220;][vc_single_image image=&#8220;13593&#8243; img_size=&#8220;full&#8220; onclick=&#8220;custom_link&#8220; css=&#8220;&#8220; link=&#8220;https:\/\/ex-tra.eu\/de\/man-miller-century&#8220;][\/vc_column][vc_column width=&#8220;1\/3&#8243; css=&#8220;.vc_custom_1609400321366{padding-bottom: 0px !important;}&#8220;][vc_single_image image=&#8220;13597&#8243; img_size=&#8220;full&#8220; onclick=&#8220;custom_link&#8220; css=&#8220;&#8220; link=&#8220;https:\/\/ex-tra.eu\/de\/volvo-terberg&#8220;][\/vc_column][\/vc_row][vc_row css=&#8220;.vc_custom_1609399545424{margin-top: 0px !important;}&#8220;][vc_column width=&#8220;1\/3&#8243; css=&#8220;.vc_custom_1514966314470{padding-bottom: 40px !important;}&#8220;][vc_single_image image=&#8220;13601&#8243; img_size=&#8220;full&#8220; onclick=&#8220;custom_link&#8220; css=&#8220;&#8220; link=&#8220;https:\/\/ex-tra.eu\/de\/man-41-660-tg-a&#8220;][\/vc_column][vc_column width=&#8220;1\/3&#8243; css=&#8220;.vc_custom_1514966321007{padding-bottom: 40px !important;}&#8220;][vc_single_image image=&#8220;13605&#8243; img_size=&#8220;full&#8220; onclick=&#8220;custom_link&#8220; css=&#8220;&#8220; link=&#8220;https:\/\/ex-tra.eu\/de\/man-palfinger-72002-jige-eurotow-45c&#8220;][\/vc_column][vc_column width=&#8220;1\/3&#8243; css=&#8220;.vc_custom_1514966325398{padding-bottom: 40px !important;}&#8220;][\/vc_column][\/vc_row][vc_row full_width=&#8220;stretch_row_content_no_spaces&#8220; css=&#8220;.vc_custom_1514966364096{margin-top: 60px !important;}&#8220;][vc_column][vc_separator][\/vc_column][\/vc_row]<\/p>\n<\/div>","protected":false},"excerpt":{"rendered":"<p>[vc_row gap=&#8220;30&#8243; content_placement=&#8220;middle&#8220; css=&#8220;.vc_custom_1514979444160{margin-top: 50px !important;}&#8220;][vc_column][vc_column_text] EX-TRA kann Fahrerhaus-Modifikationen arrangieren, Kipp-Aufbauten vorsehen, Chassis\u00e4nderungen oder die Anpassung von Werkzeug-K\u00e4sten vornehmen. Abgesehen von der Beratung in der Verkauf-Phase, wird ex-tra die gesamte Umbauphase \u00fcberwachen. Selbstverst\u00e4ndlich werden Sie st\u00e4ndig \u00fcber die Fortschritte des&#8230;<\/p>\n","protected":false},"author":1,"featured_media":0,"parent":0,"menu_order":0,"comment_status":"closed","ping_status":"closed","template":"","meta":{"_acf_changed":false,"_monsterinsights_skip_tracking":false,"_monsterinsights_sitenote_active":false,"_monsterinsights_sitenote_note":"","_monsterinsights_sitenote_category":0,"footnotes":""},"class_list":["post-20891","page","type-page","status-publish","hentry"],"acf":[],"aioseo_notices":[],"_links":{"self":[{"href":"https:\/\/ex-tra.eu\/de\/wp-json\/wp\/v2\/pages\/20891","targetHints":{"allow":["GET"]}}],"collection":[{"href":"https:\/\/ex-tra.eu\/de\/wp-json\/wp\/v2\/pages"}],"about":[{"href":"https:\/\/ex-tra.eu\/de\/wp-json\/wp\/v2\/types\/page"}],"author":[{"embeddable":true,"href":"https:\/\/ex-tra.eu\/de\/wp-json\/wp\/v2\/users\/1"}],"replies":[{"embeddable":true,"href":"https:\/\/ex-tra.eu\/de\/wp-json\/wp\/v2\/comments?post=20891"}],"version-history":[{"count":6,"href":"https:\/\/ex-tra.eu\/de\/wp-json\/wp\/v2\/pages\/20891\/revisions"}],"predecessor-version":[{"id":27156,"href":"https:\/\/ex-tra.eu\/de\/wp-json\/wp\/v2\/pages\/20891\/revisions\/27156"}],"wp:attachment":[{"href":"https:\/\/ex-tra.eu\/de\/wp-json\/wp\/v2\/media?parent=20891"}],"curies":[{"name":"wp","href":"https:\/\/api.w.org\/{rel}","templated":true}]}}