{"id":20871,"date":"2020-12-31T05:10:52","date_gmt":"2020-12-31T05:10:52","guid":{"rendered":"https:\/\/ex-tra.eutrailers\/"},"modified":"2024-06-24T18:01:50","modified_gmt":"2024-06-24T18:01:50","slug":"trailers","status":"publish","type":"page","link":"https:\/\/ex-tra.eu\/de\/trailers\/","title":{"rendered":"AUFLIEGER"},"content":{"rendered":"<div class=\"wpb-content-wrapper\"><p>[vc_row gap=&#8220;30&#8243; content_placement=&#8220;middle&#8220; css=&#8220;.vc_custom_1514979444160{margin-top: 50px !important;}&#8220;][vc_column][vc_column_text]<\/p>\n<p style=\"text-align: left;\">EX-TRA hat st\u00e4ndig Produktions-Pl\u00e4tze bei den f\u00fchrenden Herstellern von Spezialtransport-Fahrzeugen belegt. Von (Split) Container-Chassis bis zu dreifach teleskopierbaren Sattelanh\u00e4ngern sind Fahrzeuge verf\u00fcgbar.<\/p>\n<p>Falls die Palette der Standard-Fahrzeuge nicht Ihren Anforderungen gen\u00fcgt, so kann EX-TRA auch exakt nach Kundenwunsch gefertigte Fahrzeuge anbieten.<\/p>\n<p>EX-TRA ist auch in der Lage Fahrzeuge von Goldhofer f\u00fcr den Schwertransport-Sektor zu liefern, z.B. Tiefbett-Sattelanh\u00e4nger mit Pendel-Achsen sowie modulare Systeme.<\/p>\n<p style=\"text-align: left;\">Ihre Vorteile:<\/p>\n<ul>\n<li style=\"text-align: left;\">Kurze Lieferzeiten f\u00fcr Standard-Fahrzeuge.<\/li>\n<li style=\"text-align: left;\">Fahrzeuge gem\u00e4\u00df den exakten Kundenanforderungen.<\/li>\n<li style=\"text-align: left;\">Transportl\u00f6sungen mit einer Nutzlast von bis zu 10.000T.<\/li>\n<\/ul>\n<p>[\/vc_column_text][vc_empty_space height=&#8220;15px&#8220;][\/vc_column][\/vc_row][vc_row css=&#8220;.vc_custom_1609399537459{margin-top: 20px !important;}&#8220;][vc_column width=&#8220;1\/3&#8243; css=&#8220;.vc_custom_1609400304079{padding-bottom: px !important;}&#8220;][vc_single_image image=&#8220;20369&#8243; img_size=&#8220;full&#8220; onclick=&#8220;custom_link&#8220; css=&#8220;&#8220; link=&#8220;https:\/\/ex-tra.eu\/de\/ex-centric-2&#8243;][\/vc_column][vc_column width=&#8220;1\/3&#8243; css=&#8220;.vc_custom_1609400198597{padding-bottom: 0px !important;}&#8220;][vc_single_image image=&#8220;20349&#8243; img_size=&#8220;full&#8220; onclick=&#8220;custom_link&#8220; css=&#8220;&#8220; link=&#8220;https:\/\/ex-tra.eu\/de\/paitier&#8220;][\/vc_column][vc_column width=&#8220;1\/3&#8243; css=&#8220;.vc_custom_1609400321366{padding-bottom: 0px !important;}&#8220;][vc_single_image image=&#8220;20365&#8243; img_size=&#8220;full&#8220; onclick=&#8220;custom_link&#8220; css=&#8220;&#8220; link=&#8220;https:\/\/ex-tra.eu\/de\/ex-centric&#8220;][\/vc_column][\/vc_row][vc_row css=&#8220;.vc_custom_1609399537459{margin-top: 20px !important;}&#8220;][vc_column width=&#8220;1\/3&#8243; css=&#8220;.vc_custom_1609400304079{padding-bottom: px !important;}&#8220;][vc_single_image image=&#8220;20361&#8243; img_size=&#8220;full&#8220; onclick=&#8220;custom_link&#8220; css=&#8220;&#8220; link=&#8220;https:\/\/ex-tra.eu\/de\/ex-centric-3&#8243;][\/vc_column][vc_column width=&#8220;1\/3&#8243; css=&#8220;.vc_custom_1609400321366{padding-bottom: 0px !important;}&#8220;][vc_single_image image=&#8220;26697&#8243; img_size=&#8220;full&#8220; onclick=&#8220;custom_link&#8220; css=&#8220;&#8220; link=&#8220;https:\/\/ex-tra.eu\/de\/ex-tract&#8220;][\/vc_column][vc_column width=&#8220;1\/3&#8243; css=&#8220;.vc_custom_1609400321366{padding-bottom: 0px !important;}&#8220;][vc_single_image image=&#8220;20373&#8243; img_size=&#8220;full&#8220; onclick=&#8220;custom_link&#8220; css=&#8220;&#8220; link=&#8220;https:\/\/ex-tra.eu\/de\/ex-train-2&#8243;][\/vc_column][\/vc_row]<\/p>\n<\/div>","protected":false},"excerpt":{"rendered":"<p>[vc_row gap=&#8220;30&#8243; content_placement=&#8220;middle&#8220; css=&#8220;.vc_custom_1514979444160{margin-top: 50px !important;}&#8220;][vc_column][vc_column_text] EX-TRA hat st\u00e4ndig Produktions-Pl\u00e4tze bei den f\u00fchrenden Herstellern von Spezialtransport-Fahrzeugen belegt. Von (Split) Container-Chassis bis zu dreifach teleskopierbaren Sattelanh\u00e4ngern sind Fahrzeuge verf\u00fcgbar. Falls die Palette der Standard-Fahrzeuge nicht Ihren Anforderungen gen\u00fcgt, so kann EX-TRA&#8230;<\/p>\n","protected":false},"author":1,"featured_media":0,"parent":0,"menu_order":0,"comment_status":"closed","ping_status":"closed","template":"","meta":{"_acf_changed":false,"_monsterinsights_skip_tracking":false,"_monsterinsights_sitenote_active":false,"_monsterinsights_sitenote_note":"","_monsterinsights_sitenote_category":0,"footnotes":""},"class_list":["post-20871","page","type-page","status-publish","hentry"],"acf":[],"aioseo_notices":[],"_links":{"self":[{"href":"https:\/\/ex-tra.eu\/de\/wp-json\/wp\/v2\/pages\/20871","targetHints":{"allow":["GET"]}}],"collection":[{"href":"https:\/\/ex-tra.eu\/de\/wp-json\/wp\/v2\/pages"}],"about":[{"href":"https:\/\/ex-tra.eu\/de\/wp-json\/wp\/v2\/types\/page"}],"author":[{"embeddable":true,"href":"https:\/\/ex-tra.eu\/de\/wp-json\/wp\/v2\/users\/1"}],"replies":[{"embeddable":true,"href":"https:\/\/ex-tra.eu\/de\/wp-json\/wp\/v2\/comments?post=20871"}],"version-history":[{"count":18,"href":"https:\/\/ex-tra.eu\/de\/wp-json\/wp\/v2\/pages\/20871\/revisions"}],"predecessor-version":[{"id":27155,"href":"https:\/\/ex-tra.eu\/de\/wp-json\/wp\/v2\/pages\/20871\/revisions\/27155"}],"wp:attachment":[{"href":"https:\/\/ex-tra.eu\/de\/wp-json\/wp\/v2\/media?parent=20871"}],"curies":[{"name":"wp","href":"https:\/\/api.w.org\/{rel}","templated":true}]}}