{"id":20712,"date":"2020-12-31T05:11:49","date_gmt":"2020-12-31T05:11:49","guid":{"rendered":"https:\/\/ex-tra.eugezocht\/"},"modified":"2024-01-25T13:15:16","modified_gmt":"2024-01-25T13:15:16","slug":"gezocht","status":"publish","type":"page","link":"https:\/\/ex-tra.eu\/de\/gezocht\/","title":{"rendered":"Auf der suche"},"content":{"rendered":"<div class=\"wpb-content-wrapper\"><p>[vc_row gap=&#8220;30&#8243; content_placement=&#8220;middle&#8220; css=&#8220;.vc_custom_1514979444160{margin-top: 50px !important;}&#8220;][vc_column width=&#8220;2\/3&#8243;][vc_column_text]EX-TRA ist auf der Suche nach spezifische Auflieger, wie im Diagramm pr\u00e4sentiert. Mehr Informationen bez\u00fcglich der Ausf\u00fchrung einer bestimmte Auflieger bekommt man durch selektieren des betreffende Fahrzeugs.<\/p>\n<p>Wenn Sie ein Fahrzeug haben die die Spezifizierung entsprechen oder Ann\u00e4heren und wollen es verkaufen, dann Bitte ich Ihnen das Formular auszuf\u00fcllen und zu retournieren.[\/vc_column_text][vc_empty_space height=&#8220;15px&#8220;][\/vc_column][vc_column width=&#8220;1\/3&#8243;][vc_single_image image=&#8220;13609&#8243; img_size=&#8220;full&#8220;][\/vc_column][\/vc_row][vc_row full_width=&#8220;stretch_row_content_no_spaces&#8220; css=&#8220;.vc_custom_1514966364096{margin-top: 60px !important;}&#8220;][vc_column][vc_separator][\/vc_column][\/vc_row][vc_row css=&#8220;.vc_custom_1616056545148{margin-top: 60px !important;}&#8220; el_class=&#8220;meer-info-button&#8220;][vc_column css=&#8220;.vc_custom_1514966314470{padding-bottom: 40px !important;}&#8220;]<h5 class='heading-content  style-1' ><span>3 Achs, hydr. gelenkt, einfach ausziehbar<\/span><\/h5>[vc_column_text]Broshuis\/Nooteboom[\/vc_column_text][vc_empty_space height=&#8220;10px&#8220;]<a target=\"_self\" href=\"3-axles-steering-single-extension-platform\" class=\"btn btn-sm style-4\" id=\"custom-id-0\" style=\"\">Mehr Informationen<\/a>[vc_single_image image=&#8220;13613&#8243; img_size=&#8220;full&#8220;][vc_empty_space height=&#8220;10px&#8220;][\/vc_column][\/vc_row][vc_row css=&#8220;.vc_custom_1616056560250{margin-top: 60px !important;}&#8220; el_class=&#8220;meer-info-button&#8220;][vc_column css=&#8220;.vc_custom_1514966314470{padding-bottom: 40px !important;}&#8220;]<h5 class='heading-content  style-1' ><span>3 Achs, doppelt ausziehbar<\/span><\/h5>[vc_column_text]Broshuis\/Doll\/Faymonville\/Nooteboom[\/vc_column_text][vc_empty_space height=&#8220;10px&#8220;]<a target=\"_self\" href=\"3-axle-double-extendible-platform-trailer\" class=\"btn btn-sm style-4\" id=\"custom-id-1\" style=\"\">Mehr Informationen<\/a>[vc_single_image image=&#8220;20141&#8243; img_size=&#8220;full&#8220;][vc_empty_space height=&#8220;10px&#8220;][\/vc_column][\/vc_row][vc_row css=&#8220;.vc_custom_1616056569993{margin-top: 60px !important;}&#8220; el_class=&#8220;meer-info-button&#8220;][vc_column css=&#8220;.vc_custom_1514966314470{padding-bottom: 40px !important;}&#8220;]<h5 class='heading-content  style-1' ><span>4 Achs, dreifach ausziehbar (min 48m)<\/span><\/h5>[vc_column_text]Broshuis\/Doll\/Faymonville\/Nooteboom[\/vc_column_text][vc_empty_space height=&#8220;10px&#8220;]<a target=\"_self\" href=\"4-axle-triple-extendible-platform-trailer\" class=\"btn btn-sm style-4\" id=\"custom-id-2\" style=\"\">Mehr Informationen<\/a>[vc_single_image image=&#8220;20145&#8243; img_size=&#8220;full&#8220;][vc_empty_space height=&#8220;10px&#8220;][\/vc_column][\/vc_row][vc_row css=&#8220;.vc_custom_1616056579668{margin-top: 60px !important;}&#8220; el_class=&#8220;meer-info-button&#8220;][vc_column css=&#8220;.vc_custom_1514966314470{padding-bottom: 40px !important;}&#8220;]<h5 class='heading-content  style-1' ><span>3 Achs, nachlaufgelenkt, einfach ausziehbar<\/span><\/h5>[vc_column_text]Broshuis\/Nooteboom[\/vc_column_text][vc_empty_space height=&#8220;10px&#8220;]<a target=\"_self\" href=\"3-axle-1-self-tracking-extendible-step-frame\" class=\"btn btn-sm style-4\" id=\"custom-id-3\" style=\"\">Mehr Informationen<\/a>[vc_single_image image=&#8220;20149&#8243; img_size=&#8220;full&#8220;][vc_empty_space height=&#8220;10px&#8220;][\/vc_column][\/vc_row][vc_row css=&#8220;.vc_custom_1616056589779{margin-top: 60px !important;}&#8220; el_class=&#8220;meer-info-button&#8220;][vc_column css=&#8220;.vc_custom_1514966314470{padding-bottom: 40px !important;}&#8220;]<h5 class='heading-content  style-1' ><span>4 Achs, 2 nachlauf Achsen, einfach ausziehbar<\/span><\/h5>[vc_column_text]Broshuis\/Nooteboom[\/vc_column_text][vc_empty_space height=&#8220;10px&#8220;]<a target=\"_self\" href=\"4-axle-2-self-tracking-extendible-step-frame\" class=\"btn btn-sm style-4\" id=\"custom-id-4\" style=\"\">Mehr Informationen<\/a>[vc_single_image image=&#8220;20153&#8243; img_size=&#8220;full&#8220;][vc_empty_space height=&#8220;10px&#8220;][\/vc_column][\/vc_row][vc_row css=&#8220;.vc_custom_1616056598781{margin-top: 60px !important;}&#8220; el_class=&#8220;meer-info-button&#8220;][vc_column css=&#8220;.vc_custom_1514966314470{padding-bottom: 40px !important;}&#8220;]<h5 class='heading-content  style-1' ><span>6 Achs, doppelt ausziehbar<\/span><\/h5>[vc_column_text]Broshuis\/Doll\/Faymonville\/Goldhofer\/Nooteboom[\/vc_column_text][vc_empty_space height=&#8220;10px&#8220;]<a target=\"_self\" href=\"6-axle-double-extendible-step-frame-2\" class=\"btn btn-sm style-4\" id=\"custom-id-5\" style=\"\">Mehr Informationen<\/a>[vc_single_image image=&#8220;20157&#8243; img_size=&#8220;full&#8220;][vc_empty_space height=&#8220;10px&#8220;][\/vc_column][\/vc_row][vc_row css=&#8220;.vc_custom_1616056606433{margin-top: 60px !important;}&#8220; el_class=&#8220;meer-info-button&#8220;][vc_column css=&#8220;.vc_custom_1514966314470{padding-bottom: 40px !important;}&#8220;]<h5 class='heading-content  style-1' ><span>3 Achs, dobbelt ausziehbar, abfahrbaren Hals<\/span><\/h5>[vc_column_text]Broshuis[\/vc_column_text][vc_empty_space height=&#8220;10px&#8220;]<a target=\"_self\" href=\"2-axle-single-extendible-detachable-neck\" class=\"btn btn-sm style-4\" id=\"custom-id-6\" style=\"\">Mehr Informationen<\/a>[vc_single_image image=&#8220;20161&#8243; img_size=&#8220;full&#8220;][vc_empty_space height=&#8220;10px&#8220;][\/vc_column][\/vc_row][vc_row full_width=&#8220;stretch_row_content_no_spaces&#8220; css=&#8220;.vc_custom_1514966364096{margin-top: 60px !important;}&#8220;][vc_column][vc_separator][\/vc_column][\/vc_row]<\/p>\n<\/div>","protected":false},"excerpt":{"rendered":"<p>[vc_row gap=&#8220;30&#8243; content_placement=&#8220;middle&#8220; css=&#8220;.vc_custom_1514979444160{margin-top: 50px !important;}&#8220;][vc_column width=&#8220;2\/3&#8243;][vc_column_text]EX-TRA ist auf der Suche nach spezifische Auflieger, wie im Diagramm pr\u00e4sentiert. Mehr Informationen bez\u00fcglich der Ausf\u00fchrung einer bestimmte Auflieger bekommt man durch selektieren des betreffende Fahrzeugs. Wenn Sie ein Fahrzeug haben die die&#8230;<\/p>\n","protected":false},"author":1,"featured_media":0,"parent":0,"menu_order":0,"comment_status":"closed","ping_status":"closed","template":"","meta":{"_acf_changed":false,"_monsterinsights_skip_tracking":false,"_monsterinsights_sitenote_active":false,"_monsterinsights_sitenote_note":"","_monsterinsights_sitenote_category":0,"footnotes":""},"class_list":["post-20712","page","type-page","status-publish","hentry"],"acf":[],"aioseo_notices":[],"_links":{"self":[{"href":"https:\/\/ex-tra.eu\/de\/wp-json\/wp\/v2\/pages\/20712","targetHints":{"allow":["GET"]}}],"collection":[{"href":"https:\/\/ex-tra.eu\/de\/wp-json\/wp\/v2\/pages"}],"about":[{"href":"https:\/\/ex-tra.eu\/de\/wp-json\/wp\/v2\/types\/page"}],"author":[{"embeddable":true,"href":"https:\/\/ex-tra.eu\/de\/wp-json\/wp\/v2\/users\/1"}],"replies":[{"embeddable":true,"href":"https:\/\/ex-tra.eu\/de\/wp-json\/wp\/v2\/comments?post=20712"}],"version-history":[{"count":8,"href":"https:\/\/ex-tra.eu\/de\/wp-json\/wp\/v2\/pages\/20712\/revisions"}],"predecessor-version":[{"id":26691,"href":"https:\/\/ex-tra.eu\/de\/wp-json\/wp\/v2\/pages\/20712\/revisions\/26691"}],"wp:attachment":[{"href":"https:\/\/ex-tra.eu\/de\/wp-json\/wp\/v2\/media?parent=20712"}],"curies":[{"name":"wp","href":"https:\/\/api.w.org\/{rel}","templated":true}]}}