{"id":20600,"date":"2014-11-11T11:09:47","date_gmt":"2014-11-11T11:09:47","guid":{"rendered":"https:\/\/ex-tra.euhome\/"},"modified":"2021-04-12T12:07:29","modified_gmt":"2021-04-12T12:07:29","slug":"home","status":"publish","type":"page","link":"https:\/\/ex-tra.eu\/de\/","title":{"rendered":"Home"},"content":{"rendered":"<div class=\"wpb-content-wrapper\"><p>[vc_row full_width=&#8220;stretch_row&#8220; disable_element=&#8220;yes&#8220; has_content=&#8220;true&#8220;][vc_column][rev_slider_vc alias=&#8220;full_screen&#8220;][\/vc_column][\/vc_row][vc_row full_width=&#8220;stretch_row&#8220; gap=&#8220;30&#8243; css=&#8220;.vc_custom_1612175150182{background-color: #e10707 !important;background-position: center !important;background-repeat: no-repeat !important;background-size: cover !important;}&#8220; el_class=&#8220;on-top&#8220;][vc_column width=&#8220;1\/3&#8243; css=&#8220;.vc_custom_1609518314990{border-radius: 2px !important;}&#8220;]<div class=\"icon style-2 icon-left\">\n            <span>\n                <i class=\"fas fa-map-marker-alt\" style='color: #ffffff;'><\/i>\n                <h2 style='color: #ffffff;'><\/h2>\n                <h3 class=\"style-2\" style='color: #ffffff;'>Dr. Frederik van Eedenweg 23 | 1401 GC Bussum | Die Niederlande<\/h3>\n            <\/span>\n            <p> <\/p>\n    <\/div>[\/vc_column][vc_column width=&#8220;1\/3&#8243;]<div class=\"icon style-2 icon-left\">\n            <span>\n                <i class=\"fas fa-phone\" style='color: #ffffff;'><\/i>\n                <h2 style='color: #ffffff;'><\/h2>\n                <h3 class=\"style-2\" style='color: #ffffff;'>+31 6 208 128 77<\/h3>\n            <\/span>\n            <p> <\/p>\n    <\/div>[\/vc_column][vc_column width=&#8220;1\/3&#8243;]<div class=\"icon style-2 icon-left\">\n             <a href=\"mailto:info@ex-tra.eu\" target=\"_self\">\n                <i class=\"fas fa-at\" style='color: #ffffff;'><\/i>\n                <h2 style='color: #ffffff;'><\/h2>\n                <h3 class=\"style-2\" style='color: #ffffff;'>info@ex-tra.eu<\/h3>\n            <\/a>\n            <p> <\/p>\n    <\/div>[\/vc_column][\/vc_row][vc_row full_width=&#8220;stretch_row&#8220; css=&#8220;.vc_custom_1612175083761{margin-top: 0px !important;padding-top: 100px !important;padding-bottom: 130px !important;background-image: url(https:\/\/ex-tra.eu\/wp-content\/uploads\/2021\/02\/image_truck_5.jpg?id=9645) !important;background-position: center !important;background-repeat: no-repeat !important;background-size: cover !important;}&#8220;][vc_column width=&#8220;1\/2&#8243;][vc_single_image image=&#8220;19925&#8243; img_size=&#8220;medium&#8220;][vc_empty_space height=&#8220;25px&#8220;][vc_column_text]EX-TRA.RENTAL vermietet Auflieger f\u00fcr Spezialtransporte von Standorten in England, den Niederlanden, Spanien und Frankreich. Die Flotte besteht aus Telesattel, semi-Tieflader, Tieflader und andere spezial Auflieger.<\/p>\n<p>Die Auflieger\u00a0sind f\u00fcr kurz- oder langfristige Vermietung\u00a0und auch mit sp\u00e4terer Kaufoption zu vorteilhaften Bedingungen.[\/vc_column_text][vc_empty_space height=&#8220;35px&#8220;]<a target=\"_self\" href=\"https:\/\/ex-tra.eu\/de\/verhuur\" class=\"btn btn-md style-1\" id=\"custom-id-0\" style=\"\">Unsere Flotte<\/a>[\/vc_column][\/vc_row][vc_row css=&#8220;.vc_custom_1609774282007{margin-top: 60px !important;margin-bottom: 60px !important;background-position: center !important;background-repeat: no-repeat !important;background-size: contain !important;}&#8220; el_class=&#8220;mobile-bg-off&#8220;][vc_column][vc_custom_heading text=&#8220;<b>UNSERE LEISTUNGEN<\/b>&#8220; font_container=&#8220;tag:h3|font_size:32|text_align:center|color:%23727272&#8243; use_theme_fonts=&#8220;yes&#8220; css=&#8220;.vc_custom_1616140768945{margin-bottom: 0px !important;}&#8220;][vc_custom_heading text=&#8220;Die <b>Komplettl\u00f6sung<\/b> f\u00fcr Ihren Spezialtransport&#8220; font_container=&#8220;tag:h3|text_align:center&#8220; use_theme_fonts=&#8220;yes&#8220; css=&#8220;.vc_custom_1616141079291{margin-top: 0px !important;margin-bottom: 0px !important;}&#8220;][vc_row_inner css=&#8220;.vc_custom_1614920853730{margin-top: 50px !important;margin-bottom: 50px !important;}&#8220; el_class=&#8220;same-height&#8220;][vc_column_inner el_class=&#8220;.centerIt&#8220; width=&#8220;1\/2&#8243;][vc_custom_heading text=&#8220;EX-CEPTIONAL TRANSPORT&#8220; font_container=&#8220;tag:h4|text_align:center&#8220; use_theme_fonts=&#8220;yes&#8220;][vc_empty_space height=&#8220;15px&#8220;][vc_column_text]<\/p>\n<p style=\"text-align: center;\">Wir k\u00f6nnen Ihren Spezialtransport f\u00fcr Sie mit <em><strong>einem vertrauensw\u00fcrdigen Spezialisten<\/strong><\/em> arrangieren, auch international.<\/p>\n<p>[\/vc_column_text][vc_empty_space height=&#8220;15px&#8220;]<a target=\"_self\" href=\"https:\/\/ex-tra.eu\/de\/transport\/\" class=\"btn btn-sm style-1\" id=\"custom-id-1\" style=\"\">Mehr Informationen<\/a>[vc_empty_space height=&#8220;15px&#8220;][\/vc_column_inner][vc_column_inner el_class=&#8220;.centerIt&#8220; width=&#8220;1\/2&#8243;][vc_custom_heading text=&#8220;EX-PLORE&#8220; font_container=&#8220;tag:h4|text_align:center&#8220; use_theme_fonts=&#8220;yes&#8220;][vc_empty_space height=&#8220;15px&#8220;][vc_column_text]<\/p>\n<p style=\"text-align: center;\">Wir bieten <em><strong>detaillierte digitale Routenvermessungen<\/strong><\/em> basierend auf Google Satellite.<\/p>\n<p>[\/vc_column_text][vc_empty_space height=&#8220;15px&#8220;]<a target=\"_self\" href=\"https:\/\/ex-tra.eu\/de\/ex-plore\" class=\"btn btn-sm style-1\" id=\"custom-id-2\" style=\"\">Mehr Informationen<\/a>[vc_empty_space height=&#8220;15px&#8220;][\/vc_column_inner][\/vc_row_inner][vc_row_inner disable_element=&#8220;yes&#8220; css=&#8220;.vc_custom_1618227284238{margin-top: 50px !important;margin-bottom: 50px !important;}&#8220; el_class=&#8220;same-height&#8220;][vc_column_inner el_class=&#8220;.centerIt&#8220; width=&#8220;1\/3&#8243;][vc_custom_heading text=&#8220;EX-CEPTIONAL TRANSPORT&#8220; font_container=&#8220;tag:h4|text_align:center&#8220; use_theme_fonts=&#8220;yes&#8220;][vc_empty_space height=&#8220;15px&#8220;][vc_column_text]<\/p>\n<p style=\"text-align: center;\">Wir k\u00f6nnen Ihren Spezialtransport f\u00fcr Sie mit <em><strong>einem vertrauensw\u00fcrdigen Spezialisten<\/strong><\/em> arrangieren, auch international.<\/p>\n<p>[\/vc_column_text][vc_empty_space height=&#8220;15px&#8220;]<a target=\"_self\" href=\"https:\/\/ex-tra.eu\/de\/transport\/\" class=\"btn btn-sm style-1\" id=\"custom-id-3\" style=\"\">Mehr Informationen<\/a>[vc_empty_space height=&#8220;15px&#8220;][\/vc_column_inner][vc_column_inner el_class=&#8220;.centerIt&#8220; width=&#8220;1\/3&#8243;][vc_custom_heading text=&#8220;EX-PLORE&#8220; font_container=&#8220;tag:h4|text_align:center&#8220; use_theme_fonts=&#8220;yes&#8220;][vc_empty_space height=&#8220;15px&#8220;][vc_column_text]<\/p>\n<p style=\"text-align: center;\">Wir bieten <em><strong>detaillierte digitale Routenvermessungen<\/strong><\/em> basierend auf Google Satellite.<\/p>\n<p>[\/vc_column_text][vc_empty_space height=&#8220;15px&#8220;]<a target=\"_self\" href=\"https:\/\/ex-tra.eu\/de\/ex-plore\" class=\"btn btn-sm style-1\" id=\"custom-id-4\" style=\"\">Mehr Informationen<\/a>[vc_empty_space height=&#8220;15px&#8220;][\/vc_column_inner][vc_column_inner el_class=&#8220;.centerIt&#8220; width=&#8220;1\/3&#8243;][vc_custom_heading text=&#8220;EX-\u00dcBERSETZUNG&#8220; font_container=&#8220;tag:h4|text_align:center&#8220; use_theme_fonts=&#8220;yes&#8220;][vc_empty_space height=&#8220;15px&#8220;][vc_column_text]<\/p>\n<p style=\"text-align: center;\">Derzeit ist es noch nicht m\u00f6glich, Ihre beglaubigten <em><strong>Transportdokumente ins Deutsch <\/strong><\/em>\u00fcbersetzen zu lassen.<\/p>\n<p>[\/vc_column_text][vc_empty_space height=&#8220;15px&#8220;]<a target=\"_self\" href=\"https:\/\/ex-tra.eu\/de\/vertalingen\" class=\"btn btn-sm style-1\" id=\"custom-id-5\" style=\"\">Mehr Informationen<\/a>[vc_empty_space height=&#8220;15px&#8220;][\/vc_column_inner][\/vc_row_inner][\/vc_column][\/vc_row][vc_row full_width=&#8220;stretch_row&#8220; css=&#8220;.vc_custom_1614001652005{margin-bottom: 0px !important;background-color: #e2e2e2 !important;}&#8220;][vc_column][vc_custom_heading text=&#8220;<b>VERKAUFSANGEBOT<\/b>&#8220; font_container=&#8220;tag:h3|font_size:32px|text_align:center&#8220; use_theme_fonts=&#8220;yes&#8220;][vc_empty_space height=&#8220;30px&#8220;][\/vc_column][\/vc_row][vc_row full_width=&#8220;stretch_row&#8220; css=&#8220;.vc_custom_1614001050112{padding-bottom: 30px !important;background-color: #e2e2e2 !important;}&#8220;][vc_column width=&#8220;1\/3&#8243;][vc_single_image image=&#8220;18497&#8243; img_size=&#8220;full&#8220; css=&#8220;.vc_custom_1612186282225{padding-top: 15px !important;}&#8220;][\/vc_column][vc_column width=&#8220;1\/3&#8243; el_class=&#8220;center_it&#8220;][vc_custom_heading text=&#8220;EX-CEPTIONAL TRADE&#8220; font_container=&#8220;tag:h3|font_size:22px|text_align:center&#8220; use_theme_fonts=&#8220;yes&#8220;][vc_column_text]EX-TRA ist einer der\u00a0<em><strong>f\u00fchrenden europ\u00e4ischen Anbieter<\/strong><\/em> von gebrauchten Spezialtransport-Fahrzeugen.[\/vc_column_text][vc_empty_space height=&#8220;30px&#8220;]<a target=\"_self\" href=\"https:\/\/ex-tra.eu\/de\/verkoop\/\" class=\"btn btn-sm style-1\" id=\"custom-id-6\" style=\"color: #e2e2e2;\">Mehr Informationen<\/a>[\/vc_column][vc_column width=&#8220;1\/3&#8243;][vc_single_image image=&#8220;13601&#8243; img_size=&#8220;full&#8220; css=&#8220;.vc_custom_1610128765758{padding-top: 15px !important;}&#8220;][\/vc_column][\/vc_row][vc_row full_width=&#8220;stretch_row&#8220; css=&#8220;.vc_custom_1614001777308{padding-bottom: 50px !important;background-color: #e2e2e2 !important;}&#8220; el_class=&#8220;homeNews&#8220;][vc_column][vc_row_inner css=&#8220;.vc_custom_1614001662015{background-color: #e2e2e2 !important;}&#8220;][vc_column_inner el_class=&#8220;center_it&#8220; width=&#8220;1\/3&#8243;][vc_custom_heading text=&#8220;AUFLIEGER&#8220; font_container=&#8220;tag:h3|font_size:22px|text_align:center&#8220; use_theme_fonts=&#8220;yes&#8220;][vc_column_text]EX-TRA entwirft <em><strong>vollst\u00e4ndig ma\u00dfgeschneiderte Anh\u00e4nger<\/strong><\/em>, die auf Ihre spezifischen Transportbed\u00fcrfnisse zugeschnitten sind.[\/vc_column_text][vc_empty_space height=&#8220;30px&#8220;]<a target=\"_self\" href=\"https:\/\/ex-tra.eu\/de\/trailers\" class=\"btn btn-sm style-1\" id=\"custom-id-7\" style=\"color: #e2e2e2;\">Mehr Informationen<\/a>[\/vc_column_inner][vc_column_inner el_class=&#8220;center_it&#8220; width=&#8220;1\/3&#8243;][vc_single_image image=&#8220;18133&#8243; img_size=&#8220;full&#8220; css=&#8220;.vc_custom_1612186025721{padding-top: 15px !important;}&#8220;][\/vc_column_inner][vc_column_inner el_class=&#8220;center_it&#8220; width=&#8220;1\/3&#8243;][vc_custom_heading text=&#8220;LKW&#8220; font_container=&#8220;tag:h2|font_size:22px|text_align:center&#8220; use_theme_fonts=&#8220;yes&#8220;][vc_column_text]Sie k\u00f6nnen sich auch an EX-TRA wenden, um <em><strong>\u00c4nderungen an Ihrem Zugfahrzeug<\/strong><\/em> vorzunehmen.[\/vc_column_text][vc_empty_space height=&#8220;30px&#8220;]<a target=\"_self\" href=\"https:\/\/ex-tra.eu\/de\/trekkers\" class=\"btn btn-sm style-1\" id=\"custom-id-8\" style=\"color: #e2e2e2;\">Mehr Informationen<\/a>[\/vc_column_inner][\/vc_row_inner][\/vc_column][\/vc_row][vc_row el_class=&#8220;cz-iiner-setting&#8220;][vc_column][vc_row_inner css=&#8220;.vc_custom_1614055905265{background-color: #ffffff !important;}&#8220; el_class=&#8220;cz-wijdoen&#8220;][vc_column_inner][vc_custom_heading text=&#8220;WIR TUN ALLES UM IHRE TRANSPORTW\u00dcNSCHE ZU ERF\u00dcLLEN&#8220; font_container=&#8220;tag:h3|font_size:32px|text_align:center&#8220; use_theme_fonts=&#8220;yes&#8220;][vc_empty_space height=&#8220;10px&#8220;][vc_column_text]Wie k\u00f6nnen wir Ihnen behilflich sein?[\/vc_column_text][vc_empty_space height=&#8220;30px&#8220;]<a target=\"_self\" href=\"https:\/\/ex-tra.eu\/de\/contact\/\" class=\"btn btn-lg style-1\" id=\"custom-id-9\" style=\"\">Kontakt<\/a>[vc_empty_space height=&#8220;30px&#8220;][\/vc_column_inner][\/vc_row_inner][\/vc_column][\/vc_row][vc_row el_class=&#8220;cz-news-home&#8220;][vc_column][vc_custom_heading text=&#8220;<b>DIE LETZTEN NACHTRICHTEN<\/b>&#8220; font_container=&#8220;tag:h3|font_size:32px|text_align:center&#8220; use_theme_fonts=&#8220;yes&#8220;][vc_empty_space height=&#8220;30px&#8220;][vc_basic_grid post_type=&#8220;post&#8220; max_items=&#8220;4&#8243; element_width=&#8220;3&#8243; grid_id=&#8220;vc_gid:1618227229801-ec3a8260-7531-0&#8243; taxonomies=&#8220;70&#8243; el_class=&#8220;news_btn&#8220;][vc_empty_space height=&#8220;10px&#8220;][\/vc_column][\/vc_row]<\/p>\n<\/div>","protected":false},"excerpt":{"rendered":"<p>[vc_row full_width=&#8220;stretch_row&#8220; disable_element=&#8220;yes&#8220; has_content=&#8220;true&#8220;][vc_column][rev_slider_vc alias=&#8220;full_screen&#8220;][\/vc_column][\/vc_row][vc_row full_width=&#8220;stretch_row&#8220; gap=&#8220;30&#8243; css=&#8220;.vc_custom_1612175150182{background-color: #e10707 !important;background-position: center !important;background-repeat: no-repeat !important;background-size: cover !important;}&#8220; el_class=&#8220;on-top&#8220;][vc_column width=&#8220;1\/3&#8243; css=&#8220;.vc_custom_1609518314990{border-radius: 2px !important;}&#8220;][\/vc_column][vc_column width=&#8220;1\/3&#8243;][\/vc_column][vc_column width=&#8220;1\/3&#8243;][\/vc_column][\/vc_row][vc_row full_width=&#8220;stretch_row&#8220; css=&#8220;.vc_custom_1612175083761{margin-top: 0px !important;padding-top: 100px !important;padding-bottom: 130px !important;background-image: url(https:\/\/ex-tra.eu\/wp-content\/uploads\/2021\/02\/image_truck_5.jpg?id=9645) !important;background-position: center !important;background-repeat: no-repeat !important;background-size: cover !important;}&#8220;][vc_column width=&#8220;1\/2&#8243;][vc_single_image&#8230;<\/p>\n","protected":false},"author":2,"featured_media":0,"parent":0,"menu_order":0,"comment_status":"open","ping_status":"open","template":"","meta":{"_acf_changed":false,"_monsterinsights_skip_tracking":false,"_monsterinsights_sitenote_active":false,"_monsterinsights_sitenote_note":"","_monsterinsights_sitenote_category":0,"footnotes":""},"class_list":["post-20600","page","type-page","status-publish","hentry"],"acf":[],"aioseo_notices":[],"_links":{"self":[{"href":"https:\/\/ex-tra.eu\/de\/wp-json\/wp\/v2\/pages\/20600","targetHints":{"allow":["GET"]}}],"collection":[{"href":"https:\/\/ex-tra.eu\/de\/wp-json\/wp\/v2\/pages"}],"about":[{"href":"https:\/\/ex-tra.eu\/de\/wp-json\/wp\/v2\/types\/page"}],"author":[{"embeddable":true,"href":"https:\/\/ex-tra.eu\/de\/wp-json\/wp\/v2\/users\/2"}],"replies":[{"embeddable":true,"href":"https:\/\/ex-tra.eu\/de\/wp-json\/wp\/v2\/comments?post=20600"}],"version-history":[{"count":17,"href":"https:\/\/ex-tra.eu\/de\/wp-json\/wp\/v2\/pages\/20600\/revisions"}],"predecessor-version":[{"id":24001,"href":"https:\/\/ex-tra.eu\/de\/wp-json\/wp\/v2\/pages\/20600\/revisions\/24001"}],"wp:attachment":[{"href":"https:\/\/ex-tra.eu\/de\/wp-json\/wp\/v2\/media?parent=20600"}],"curies":[{"name":"wp","href":"https:\/\/api.w.org\/{rel}","templated":true}]}}